{"id":5320,"date":"2024-03-20T12:40:10","date_gmt":"2024-03-20T12:40:10","guid":{"rendered":"https:\/\/lapalmastars.com\/roque-de-los-muchachos\/"},"modified":"2024-03-20T12:50:17","modified_gmt":"2024-03-20T12:50:17","slug":"roque-de-los-muchachos","status":"publish","type":"page","link":"https:\/\/lapalmastars.com\/de\/roque-de-los-muchachos\/","title":{"rendered":"\u00dcber Roque de Los Muchachos"},"content":{"rendered":"<h2>Roque de Los Muchachos<\/h2>\n<h3>Taburiente Caldera auf La<\/h3>\n<p><img decoding=\"async\" class=\"wp-image-5207\" src=\"https:\/\/lapalmastars.com\/wp-content\/uploads\/2023\/10\/LaPalmastars_Observatorio_Roque_Muchachos_Caldera_Taburiente-300x225.jpeg\" alt=\"Caldera de Taburiente desde el Roque de Los Muchachos en La Palma\" width=\"500\" height=\"375\" srcset=\"https:\/\/lapalmastars.com\/wp-content\/uploads\/2023\/10\/LaPalmastars_Observatorio_Roque_Muchachos_Caldera_Taburiente-300x225.jpeg 300w, https:\/\/lapalmastars.com\/wp-content\/uploads\/2023\/10\/LaPalmastars_Observatorio_Roque_Muchachos_Caldera_Taburiente-1024x768.jpeg 1024w, https:\/\/lapalmastars.com\/wp-content\/uploads\/2023\/10\/LaPalmastars_Observatorio_Roque_Muchachos_Caldera_Taburiente-768x576.jpeg 768w, https:\/\/lapalmastars.com\/wp-content\/uploads\/2023\/10\/LaPalmastars_Observatorio_Roque_Muchachos_Caldera_Taburiente-1536x1152.jpeg 1536w, https:\/\/lapalmastars.com\/wp-content\/uploads\/2023\/10\/LaPalmastars_Observatorio_Roque_Muchachos_Caldera_Taburiente-600x450.jpeg 600w, https:\/\/lapalmastars.com\/wp-content\/uploads\/2023\/10\/LaPalmastars_Observatorio_Roque_Muchachos_Caldera_Taburiente.jpeg 2000w\" sizes=\"(max-width: 500px) 100vw, 500px\" \/><\/p>\n<h2 class=\"p1\"><strong>Das Observatorium Roque de los Muchachos:<\/strong><\/h2>\n<p class=\"p6\">Im Observatorium Roque de Los Muchachos auf La Palma befindet sich eine der vollst\u00e4ndigsten Teleskopbatterien der Welt.\u00a0Dank des Himmels von La Palma verf\u00fcgt dieses Observatorium \u00fcber die besten Bedingungen f\u00fcr astronomische Forschung und ist daher Anziehungspunkt f\u00fcr einige der Riesenteleskope der Zukunft sowie die neue Generation von Cherenkov-Teleskopen, die f\u00fcr die Erforschung des Universums in Gammastrahlen bestimmt sind .sehr hohe Energie.<\/p>\n<p class=\"p6\">Auf der n\u00e4chsten Seite finden Sie eine aktualisierte Zusammenfassung der am La Palma Observatorium durchgef\u00fchrten Teleskope und Experimente:\u00a0<a href=\"https:\/\/translate.google.com\/website?sl=es&amp;tl=de&amp;hl=es&amp;client=webapp&amp;u=https:\/\/www.iac.es\/es\/observatorios-de-canarias\/observatorio-del-roque-de-los-muchachos\/telescopios-y-experimentos\" target=\"_blank\" rel=\"noopener\" data-abc=\"true\">Teleskope und Experimente<\/a><\/p>\n<p class=\"p1\">Wenn Sie mehr wissen m\u00f6chten oder es sich von einem spezialisierten F\u00fchrer erkl\u00e4ren lassen m\u00f6chten, k\u00f6nnen Sie unter dem Link: Besuche im Observatorium von\u00a0<a href=\"https:\/\/lapalmastars-com.translate.goog\/visitas-observatorio-lapalma\/?_x_tr_sl=es&amp;_x_tr_tl=de&amp;_x_tr_hl=es&amp;_x_tr_pto=wapp\" data-abc=\"true\">La Palma einen der Tagesbesuche des Observatoriums buchen.<\/a><\/p>\n<h2 class=\"p4\"><em><strong>Was kann man in Roque de los Muchachos unternehmen?<\/strong><\/em><\/h2>\n<h3>Observatorium Roque de los Boys<\/h3>\n<p class=\"p4\">Vom Roque de Los Muchachos aus haben Sie Zugang zu mehreren Stra\u00dfen und Wegen rund um den Nationalpark (https:\/\/www.miteco.gob.es\/es\/parques-nacionales-oapn\/red-parques-nacionales\/parques-nacionales \/taburiente\/visiting). -guide\/ruta9.html).\u00a0Sie k\u00f6nnen auch einfach die Aussicht genie\u00dfen oder das La Palma-Observatorium oder das ganz in der N\u00e4he gelegene Besucherzentrum Roque de Los Muchachos besuchen.<\/p>\n<h2>Besucherzentrum Roque de loschos<\/h2>\n<p><strong>Besuchen Sie das Observatorium Roque de los Muchachos\u00a0<\/strong><\/p>\n<ul>\n<li class=\"p4\">Zum Wandern in dieser Gegend:\u00a0<a href=\"https:\/\/translate.google.com\/website?sl=es&amp;tl=de&amp;hl=es&amp;client=webapp&amp;u=https:\/\/www.senderosdelapalma.es\/senderos\/lista-de-senderos\/\" target=\"_blank\" rel=\"noopener\" data-abc=\"true\">Wanderwege<\/a><\/li>\n<li class=\"p4\">F\u00fcr Besuche im La Palma Observatorium:\u00a0<a href=\"https:\/\/lapalmastars-com.translate.goog\/visitas-observatorio-lapalma\/?_x_tr_sl=es&amp;_x_tr_tl=de&amp;_x_tr_hl=es&amp;_x_tr_pto=wapp\" data-abc=\"true\">geplante Besuche<\/a><\/li>\n<li class=\"p4\">Besuchen Sie das Besucherzentrum, das Interpretationszentrum des La Palma-Observatoriums, die Astronomie und die St\u00e4tte:\u00a0<a href=\"https:\/\/translate.google.com\/website?sl=es&amp;tl=de&amp;hl=es&amp;client=webapp&amp;u=https:\/\/lapalmacentrosturisticos.com\/?centros%3Dcentro-de-visitantes-del-roque-de-los-muchachos\" target=\"_blank\" rel=\"noopener\" data-abc=\"true\">Besuche im Besucherzentrum<\/a><\/li>\n<\/ul>\n<figure id=\"attachment_5213\" aria-describedby=\"caption-attachment-5213\" style=\"width: 300px\" class=\"wp-caption alignleft\"><img decoding=\"async\" class=\"size-medium wp-image-5213\" src=\"https:\/\/lapalmastars.com\/wp-content\/uploads\/2023\/10\/LaPalmastars_Observatorio_Roque_Muchachos_GrantelescopioCanarias-300x300.jpeg\" alt=\"Gran Telescopio de Canarias en el Observatorio del Roque de Los Muchachos en La Palma\" width=\"300\" height=\"300\" srcset=\"https:\/\/lapalmastars.com\/wp-content\/uploads\/2023\/10\/LaPalmastars_Observatorio_Roque_Muchachos_GrantelescopioCanarias-300x300.jpeg 300w, https:\/\/lapalmastars.com\/wp-content\/uploads\/2023\/10\/LaPalmastars_Observatorio_Roque_Muchachos_GrantelescopioCanarias-1024x1024.jpeg 1024w, https:\/\/lapalmastars.com\/wp-content\/uploads\/2023\/10\/LaPalmastars_Observatorio_Roque_Muchachos_GrantelescopioCanarias-150x150.jpeg 150w, https:\/\/lapalmastars.com\/wp-content\/uploads\/2023\/10\/LaPalmastars_Observatorio_Roque_Muchachos_GrantelescopioCanarias-768x768.jpeg 768w, https:\/\/lapalmastars.com\/wp-content\/uploads\/2023\/10\/LaPalmastars_Observatorio_Roque_Muchachos_GrantelescopioCanarias-1536x1536.jpeg 1536w, https:\/\/lapalmastars.com\/wp-content\/uploads\/2023\/10\/LaPalmastars_Observatorio_Roque_Muchachos_GrantelescopioCanarias.jpeg 2048w, https:\/\/lapalmastars.com\/wp-content\/uploads\/2023\/10\/LaPalmastars_Observatorio_Roque_Muchachos_GrantelescopioCanarias-600x600.jpeg 600w\" sizes=\"(max-width: 300px) 100vw, 300px\" \/><figcaption id=\"caption-attachment-5213\" class=\"wp-caption-text\">Gro\u00dfes Teleskop der Kanarischen Inseln am Observatorium Roque de Los Muchachos auf La Palma<\/figcaption><\/figure>\n<figure id=\"attachment_5216\" aria-describedby=\"caption-attachment-5216\" style=\"width: 300px\" class=\"wp-caption alignright\"><img decoding=\"async\" class=\"size-medium wp-image-5216\" src=\"https:\/\/lapalmastars.com\/wp-content\/uploads\/2023\/10\/LaPalmastars_Observatorio_Roque_Muchachos_CentroVisitantes-300x300.jpeg\" alt=\"Centro de Visitantes del Roque de Los Muchachos\" width=\"300\" height=\"300\" srcset=\"https:\/\/lapalmastars.com\/wp-content\/uploads\/2023\/10\/LaPalmastars_Observatorio_Roque_Muchachos_CentroVisitantes-300x300.jpeg 300w, https:\/\/lapalmastars.com\/wp-content\/uploads\/2023\/10\/LaPalmastars_Observatorio_Roque_Muchachos_CentroVisitantes-1024x1024.jpeg 1024w, https:\/\/lapalmastars.com\/wp-content\/uploads\/2023\/10\/LaPalmastars_Observatorio_Roque_Muchachos_CentroVisitantes-150x150.jpeg 150w, https:\/\/lapalmastars.com\/wp-content\/uploads\/2023\/10\/LaPalmastars_Observatorio_Roque_Muchachos_CentroVisitantes-768x768.jpeg 768w, https:\/\/lapalmastars.com\/wp-content\/uploads\/2023\/10\/LaPalmastars_Observatorio_Roque_Muchachos_CentroVisitantes-1536x1536.jpeg 1536w, https:\/\/lapalmastars.com\/wp-content\/uploads\/2023\/10\/LaPalmastars_Observatorio_Roque_Muchachos_CentroVisitantes.jpeg 2048w, https:\/\/lapalmastars.com\/wp-content\/uploads\/2023\/10\/LaPalmastars_Observatorio_Roque_Muchachos_CentroVisitantes-600x600.jpeg 600w\" sizes=\"(max-width: 300px) 100vw, 300px\" \/><figcaption id=\"caption-attachment-5216\" class=\"wp-caption-text\">Interpretationszentrum, Besucherzentrum Roque de Los Muchachos<\/figcaption><\/figure>\n<p>&nbsp;<\/p>\n<p>&nbsp;<\/p>\n<p>&nbsp;<\/p>\n<p>&nbsp;<\/p>\n<p>&nbsp;<\/p>\n<p>&nbsp;<\/p>\n<p>&nbsp;<\/p>\n<p>&nbsp;<\/p>\n<p>&nbsp;<\/p>\n<p>&nbsp;<\/p>\n<p class=\"p4\"><strong>Nachtbesuch im La Palma Observatorium<\/strong><\/p>\n<p class=\"p4\">Nachts erwacht das La Palma-Observatorium zum Leben und astronomische Beobachtungen beginnen.\u00a0Um den optimalen Betrieb des Observatoriums zu gew\u00e4hrleisten, sind die T\u00fcren geschlossen und der allgemeinen \u00d6ffentlichkeit ist der Zutritt zum Observatorium nicht gestattet.\u00a0Wenn Sie jedoch die Sterne beobachten oder einfach nur sehen m\u00f6chten, gibt es viele andere M\u00f6glichkeiten:<\/p>\n<ul class=\"ul1\">\n<li class=\"li4\">Zugang zu astronomischen Aussichtspunkten auf der ganzen Insel, um den Himmel ohne F\u00fchrer zu beobachten: Link\u00a0<a href=\"https:\/\/lapalmastars-com.translate.goog\/miradores-sitios-interes-astronomico-lapalma\/?_x_tr_sl=es&amp;_x_tr_tl=de&amp;_x_tr_hl=es&amp;_x_tr_pto=wapp\" data-abc=\"true\">hier.\u00a0<\/a>Bedenken Sie, dass nicht alle Standpunkte klar sind.\u00a0H\u00e4ngt von den \u00f6rtlichen Wetterbedingungen zum Zeitpunkt des Zugangs ab.<\/li>\n<li class=\"li4\">Buchen Sie bei einem Unternehmen, das\u00a0<strong>astronomische Touren oder Sternbeobachtungstouren<\/strong>\u00a0organisiert , um an diesem Abend den besten astronomischen Aussichtspunkt zu finden, den Himmel zu interpretieren und mit Teleskopen zu beobachten:\u00a0<a href=\"https:\/\/lapalmastars-com.translate.goog\/tours\/tour-astronomico-observacion-estrellas\/?_x_tr_sl=es&amp;_x_tr_tl=de&amp;_x_tr_hl=es&amp;_x_tr_pto=wapp\" data-abc=\"true\">astronomische Touren.<\/a><\/li>\n<\/ul>\n<p class=\"p4\"><img decoding=\"async\" class=\"wp-image-5210\" src=\"https:\/\/lapalmastars.com\/wp-content\/uploads\/2023\/10\/LaPalmastars_Observatorio_Roque_Muchachos_sunset-300x225.jpeg\" alt=\"Puesta de sol en el Observatorio del Roque de Los Muchachos en La Palma\" width=\"400\" height=\"300\" srcset=\"https:\/\/lapalmastars.com\/wp-content\/uploads\/2023\/10\/LaPalmastars_Observatorio_Roque_Muchachos_sunset-300x225.jpeg 300w, https:\/\/lapalmastars.com\/wp-content\/uploads\/2023\/10\/LaPalmastars_Observatorio_Roque_Muchachos_sunset-1024x768.jpeg 1024w, https:\/\/lapalmastars.com\/wp-content\/uploads\/2023\/10\/LaPalmastars_Observatorio_Roque_Muchachos_sunset-768x576.jpeg 768w, https:\/\/lapalmastars.com\/wp-content\/uploads\/2023\/10\/LaPalmastars_Observatorio_Roque_Muchachos_sunset-1536x1152.jpeg 1536w, https:\/\/lapalmastars.com\/wp-content\/uploads\/2023\/10\/LaPalmastars_Observatorio_Roque_Muchachos_sunset-600x450.jpeg 600w, https:\/\/lapalmastars.com\/wp-content\/uploads\/2023\/10\/LaPalmastars_Observatorio_Roque_Muchachos_sunset.jpeg 2000w\" sizes=\"(max-width: 400px) 100vw, 400px\" \/><\/p>\n<p>Sonnenuntergang am Observatorium Roque de Los Muchachos auf La Palma<\/p>\n<div class=\"entry-content\">\n<h2 class=\"p4\">Wie lange dauert die Besteigung des Roque de los Muchachos?<\/h2>\n<p class=\"p4\">Von Santa Cruz de La Palma aus dauert der Aufstieg zum Roque und zum Observatorium etwa eine Stunde.\u00a0Etwas mehr, wenn Sie die Stra\u00dfe nicht kennen, da es sich um eine Stra\u00dfe mit einigen Unebenheiten und Kurven handelt.\u00a0Es ist eine Bergstra\u00dfe.\u00a0Sie sollten mit warmer Kleidung, Wasser und etwas Essen vorbereitet sein.\u00a0Im Bereich des Roque de Los Muchachos, der Sternwarte und des Besucherzentrums gibt es weder Restaurants noch Tankstellen.\u00a0Die n\u00e4chstgelegenen (mehr als eine halbe Autostunde) befinden sich in Garaf\u00eda oder Santa Cruz.<\/p>\n<p class=\"p4\">Wenn der Aufstieg von Los Llanos de Aridane aus erfolgt, dauert der Aufstieg etwas l\u00e4nger.<\/p>\n<p class=\"p4\">Im Winter empfiehlt es sich, bei Problemen mit der Stra\u00dfe nachzufragen oder die Beschilderung am Stra\u00dfenanfang zu \u00fcberpr\u00fcfen.\u00a0Manchmal kann es aus diesem Grund auf Schnee oder Eis sto\u00dfen oder die Stra\u00dfe sperren.<\/p>\n<p class=\"p4\">Aktuelle Informationen zu Meteorologie und Webcams finden Sie unter dem folgenden Link. Im Zweifelsfall ist es jedoch besser, nachzufragen, bevor Sie \u00fcberrascht werden:\u00a0<a href=\"https:\/\/translate.google.com\/website?sl=es&amp;tl=de&amp;hl=es&amp;client=webapp&amp;u=https:\/\/www.iac.es\/es\/observatorios-de-canarias\/observatorio-del-roque-de-los-muchachos\/meteorologia\" target=\"_blank\" rel=\"noopener\" data-abc=\"true\">Wetter und Webcams<\/a><\/p>\n<p class=\"p1\"><strong><i>Was Sie in Roque de Los Muchachos beachten sollten:<\/i><\/strong><\/p>\n<ul class=\"ul1\">\n<li><i>Das Gebiet kann tags\u00fcber besichtigt werden, es gibt jedoch wichtige Einschr\u00e4nkungen f\u00fcr den Besuch in der Nacht.<\/i><\/li>\n<li>Es liegt auf 2400 m H\u00f6he.\u00a0In Bezug auf den Meeresspiegel kann es gro\u00dfe Temperatur- und Klimaunterschiede geben, die sich auch schnell \u00e4ndern.\u00a0Es wird empfohlen, sich auf die Bergbedingungen vorzubereiten und sich vor der Besteigung des Roque de Los Muchachos zu informieren.<\/li>\n<\/ul>\n<p>&nbsp;<\/p>\n<h2>Roque vom Telefon der Jungs<\/h2>\n<div class=\"field field--name-field-shared-phone-number field--type-telephone field--label-inline\">\n<div class=\"field__label\">Telefon<\/div>\n<div class=\"field__item\">(34) 922 405 500<\/div>\n<\/div>\n<div class=\"field field--name-field-shared-fax field--type-telephone field--label-inline\">\n<div class=\"field__label\">Fax<\/div>\n<div class=\"field__item\">(34) 922 405 501<\/div>\n<\/div>\n<div class=\"field field--name-field-shared-email field--type-email field--label-inline\">\n<div class=\"field__label\">Email<\/div>\n<div class=\"field__item\"><a class=\"spamspan\" href=\"mailto:orm@iac.es?_x_tr_sl=es&amp;_x_tr_tl=de&amp;_x_tr_hl=es&amp;_x_tr_pto=wapp\" data-abc=\"true\">orm@iac.es<\/a><\/div>\n<\/div>\n<\/div>\n<div class=\"margin-top\"><\/div>\n<div class=\"post-tags margin-top\"><\/div>\n<div class=\"field field--name-field-shared-email field--type-email field--label-inline\"><\/div>\n","protected":false},"excerpt":{"rendered":"<p>Roque de Los Muchachos Taburiente Caldera auf La Das Observatorium Roque de los Muchachos: Im Observatorium Roque de Los Muchachos auf La Palma befindet sich eine der vollst\u00e4ndigsten Teleskopbatterien der Welt.\u00a0Dank des Himmels von La<\/p>\n<div class=\"padding-top text-center\"><a href=\"https:\/\/lapalmastars.com\/de\/roque-de-los-muchachos\/\" class=\"atbtn atbtn--medium atbtn--rounded atbtn--transparent\">leer m\u00e1s<i class=\"atbtn__icon atbtn__icon--right fa fa-long-arrow-right\"><\/i><\/a><\/div>\n","protected":false},"author":8,"featured_media":5215,"parent":0,"menu_order":0,"comment_status":"closed","ping_status":"closed","template":"","meta":{"footnotes":""},"class_list":["post-5320","page","type-page","status-publish","has-post-thumbnail","hentry"],"yoast_head":"<!-- This site is optimized with the Yoast SEO Premium plugin v25.4 (Yoast SEO v26.6) - https:\/\/yoast.com\/wordpress\/plugins\/seo\/ -->\n<title>\u00dcber Roque de Los Muchachos - AstroLaPalma<\/title>\n<meta name=\"robots\" content=\"index, follow, max-snippet:-1, max-image-preview:large, max-video-preview:-1\" \/>\n<link rel=\"canonical\" href=\"https:\/\/lapalmastars.com\/roque-de-los-muchachos\/\" \/>\n<meta property=\"og:locale\" content=\"de_DE\" \/>\n<meta property=\"og:type\" content=\"article\" \/>\n<meta property=\"og:title\" content=\"\u00dcber Roque de Los Muchachos\" \/>\n<meta property=\"og:description\" content=\"Roque de Los Muchachos Taburiente Caldera auf La Das Observatorium Roque de los Muchachos: Im Observatorium Roque de Los Muchachos auf La Palma befindet sich eine der vollst\u00e4ndigsten Teleskopbatterien der Welt.\u00a0Dank des Himmels von Laleer m\u00e1s\" \/>\n<meta property=\"og:url\" content=\"https:\/\/lapalmastars.com\/roque-de-los-muchachos\/\" \/>\n<meta property=\"og:site_name\" content=\"AstroLaPalma\" \/>\n<meta property=\"article:publisher\" content=\"https:\/\/www.facebook.com\/AstroLaPalma\/\" \/>\n<meta property=\"article:modified_time\" content=\"2024-03-20T12:50:17+00:00\" \/>\n<meta property=\"og:image\" content=\"https:\/\/lapalmastars.com\/wp-content\/uploads\/2023\/10\/LaPalmastars_Observatorio_Roque_Muchachos_GrantelescopioCanarias.jpeg\" \/>\n\t<meta property=\"og:image:width\" content=\"2048\" \/>\n\t<meta property=\"og:image:height\" content=\"2048\" \/>\n\t<meta property=\"og:image:type\" content=\"image\/jpeg\" \/>\n<meta name=\"twitter:card\" content=\"summary_large_image\" \/>\n<meta name=\"twitter:site\" content=\"@astrolapalma\" \/>\n<meta name=\"twitter:label1\" content=\"Gesch\u00e4tzte Lesezeit\" \/>\n\t<meta name=\"twitter:data1\" content=\"4\u00a0Minuten\" \/>\n<script type=\"application\/ld+json\" class=\"yoast-schema-graph\">{\"@context\":\"https:\/\/schema.org\",\"@graph\":[{\"@type\":\"WebPage\",\"@id\":\"https:\/\/lapalmastars.com\/roque-de-los-muchachos\/\",\"url\":\"https:\/\/lapalmastars.com\/roque-de-los-muchachos\/\",\"name\":\"\u00dcber Roque de Los Muchachos - AstroLaPalma\",\"isPartOf\":{\"@id\":\"https:\/\/lapalmastars.com\/#website\"},\"primaryImageOfPage\":{\"@id\":\"https:\/\/lapalmastars.com\/roque-de-los-muchachos\/#primaryimage\"},\"image\":{\"@id\":\"https:\/\/lapalmastars.com\/roque-de-los-muchachos\/#primaryimage\"},\"thumbnailUrl\":\"https:\/\/lapalmastars.com\/wp-content\/uploads\/2023\/10\/LaPalmastars_Observatorio_Roque_Muchachos_GrantelescopioCanarias.jpeg\",\"datePublished\":\"2024-03-20T12:40:10+00:00\",\"dateModified\":\"2024-03-20T12:50:17+00:00\",\"breadcrumb\":{\"@id\":\"https:\/\/lapalmastars.com\/roque-de-los-muchachos\/#breadcrumb\"},\"inLanguage\":\"de\",\"potentialAction\":[{\"@type\":\"ReadAction\",\"target\":[\"https:\/\/lapalmastars.com\/roque-de-los-muchachos\/\"]}]},{\"@type\":\"ImageObject\",\"inLanguage\":\"de\",\"@id\":\"https:\/\/lapalmastars.com\/roque-de-los-muchachos\/#primaryimage\",\"url\":\"https:\/\/lapalmastars.com\/wp-content\/uploads\/2023\/10\/LaPalmastars_Observatorio_Roque_Muchachos_GrantelescopioCanarias.jpeg\",\"contentUrl\":\"https:\/\/lapalmastars.com\/wp-content\/uploads\/2023\/10\/LaPalmastars_Observatorio_Roque_Muchachos_GrantelescopioCanarias.jpeg\",\"width\":2048,\"height\":2048,\"caption\":\"Gran Telescopio de Canarias en el Observatorio del Roque de Los Muchachos en La Palma\"},{\"@type\":\"BreadcrumbList\",\"@id\":\"https:\/\/lapalmastars.com\/roque-de-los-muchachos\/#breadcrumb\",\"itemListElement\":[{\"@type\":\"ListItem\",\"position\":1,\"name\":\"Portada\",\"item\":\"https:\/\/lapalmastars.com\/de\/\"},{\"@type\":\"ListItem\",\"position\":2,\"name\":\"\u00dcber Roque de Los Muchachos\"}]},{\"@type\":\"WebSite\",\"@id\":\"https:\/\/lapalmastars.com\/#website\",\"url\":\"https:\/\/lapalmastars.com\/\",\"name\":\"La Palma Astronomy Tours\",\"description\":\"AstroLaPalma, turismo de estrellas\",\"publisher\":{\"@id\":\"https:\/\/lapalmastars.com\/#organization\"},\"potentialAction\":[{\"@type\":\"SearchAction\",\"target\":{\"@type\":\"EntryPoint\",\"urlTemplate\":\"https:\/\/lapalmastars.com\/?s={search_term_string}\"},\"query-input\":{\"@type\":\"PropertyValueSpecification\",\"valueRequired\":true,\"valueName\":\"search_term_string\"}}],\"inLanguage\":\"de\"},{\"@type\":\"Organization\",\"@id\":\"https:\/\/lapalmastars.com\/#organization\",\"name\":\"La Palma Astronomy Tours\",\"url\":\"https:\/\/lapalmastars.com\/\",\"logo\":{\"@type\":\"ImageObject\",\"inLanguage\":\"de\",\"@id\":\"https:\/\/lapalmastars.com\/#\/schema\/logo\/image\/\",\"url\":\"https:\/\/lapalmastars.com\/wp-content\/uploads\/2017\/03\/Logo.jpg\",\"contentUrl\":\"https:\/\/lapalmastars.com\/wp-content\/uploads\/2017\/03\/Logo.jpg\",\"width\":193,\"height\":120,\"caption\":\"La Palma Astronomy Tours\"},\"image\":{\"@id\":\"https:\/\/lapalmastars.com\/#\/schema\/logo\/image\/\"},\"sameAs\":[\"https:\/\/www.facebook.com\/AstroLaPalma\/\",\"https:\/\/x.com\/astrolapalma\",\"https:\/\/www.instagram.com\/lapalmastars\",\"https:\/\/www.youtube.com\/user\/astrolapalma\"]}]}<\/script>\n<!-- \/ Yoast SEO Premium plugin. -->","yoast_head_json":{"title":"\u00dcber Roque de Los Muchachos - AstroLaPalma","robots":{"index":"index","follow":"follow","max-snippet":"max-snippet:-1","max-image-preview":"max-image-preview:large","max-video-preview":"max-video-preview:-1"},"canonical":"https:\/\/lapalmastars.com\/roque-de-los-muchachos\/","og_locale":"de_DE","og_type":"article","og_title":"\u00dcber Roque de Los Muchachos","og_description":"Roque de Los Muchachos Taburiente Caldera auf La Das Observatorium Roque de los Muchachos: Im Observatorium Roque de Los Muchachos auf La Palma befindet sich eine der vollst\u00e4ndigsten Teleskopbatterien der Welt.\u00a0Dank des Himmels von Laleer m\u00e1s","og_url":"https:\/\/lapalmastars.com\/roque-de-los-muchachos\/","og_site_name":"AstroLaPalma","article_publisher":"https:\/\/www.facebook.com\/AstroLaPalma\/","article_modified_time":"2024-03-20T12:50:17+00:00","og_image":[{"width":2048,"height":2048,"url":"https:\/\/lapalmastars.com\/wp-content\/uploads\/2023\/10\/LaPalmastars_Observatorio_Roque_Muchachos_GrantelescopioCanarias.jpeg","type":"image\/jpeg"}],"twitter_card":"summary_large_image","twitter_site":"@astrolapalma","twitter_misc":{"Gesch\u00e4tzte Lesezeit":"4\u00a0Minuten"},"schema":{"@context":"https:\/\/schema.org","@graph":[{"@type":"WebPage","@id":"https:\/\/lapalmastars.com\/roque-de-los-muchachos\/","url":"https:\/\/lapalmastars.com\/roque-de-los-muchachos\/","name":"\u00dcber Roque de Los Muchachos - AstroLaPalma","isPartOf":{"@id":"https:\/\/lapalmastars.com\/#website"},"primaryImageOfPage":{"@id":"https:\/\/lapalmastars.com\/roque-de-los-muchachos\/#primaryimage"},"image":{"@id":"https:\/\/lapalmastars.com\/roque-de-los-muchachos\/#primaryimage"},"thumbnailUrl":"https:\/\/lapalmastars.com\/wp-content\/uploads\/2023\/10\/LaPalmastars_Observatorio_Roque_Muchachos_GrantelescopioCanarias.jpeg","datePublished":"2024-03-20T12:40:10+00:00","dateModified":"2024-03-20T12:50:17+00:00","breadcrumb":{"@id":"https:\/\/lapalmastars.com\/roque-de-los-muchachos\/#breadcrumb"},"inLanguage":"de","potentialAction":[{"@type":"ReadAction","target":["https:\/\/lapalmastars.com\/roque-de-los-muchachos\/"]}]},{"@type":"ImageObject","inLanguage":"de","@id":"https:\/\/lapalmastars.com\/roque-de-los-muchachos\/#primaryimage","url":"https:\/\/lapalmastars.com\/wp-content\/uploads\/2023\/10\/LaPalmastars_Observatorio_Roque_Muchachos_GrantelescopioCanarias.jpeg","contentUrl":"https:\/\/lapalmastars.com\/wp-content\/uploads\/2023\/10\/LaPalmastars_Observatorio_Roque_Muchachos_GrantelescopioCanarias.jpeg","width":2048,"height":2048,"caption":"Gran Telescopio de Canarias en el Observatorio del Roque de Los Muchachos en La Palma"},{"@type":"BreadcrumbList","@id":"https:\/\/lapalmastars.com\/roque-de-los-muchachos\/#breadcrumb","itemListElement":[{"@type":"ListItem","position":1,"name":"Portada","item":"https:\/\/lapalmastars.com\/de\/"},{"@type":"ListItem","position":2,"name":"\u00dcber Roque de Los Muchachos"}]},{"@type":"WebSite","@id":"https:\/\/lapalmastars.com\/#website","url":"https:\/\/lapalmastars.com\/","name":"La Palma Astronomy Tours","description":"AstroLaPalma, turismo de estrellas","publisher":{"@id":"https:\/\/lapalmastars.com\/#organization"},"potentialAction":[{"@type":"SearchAction","target":{"@type":"EntryPoint","urlTemplate":"https:\/\/lapalmastars.com\/?s={search_term_string}"},"query-input":{"@type":"PropertyValueSpecification","valueRequired":true,"valueName":"search_term_string"}}],"inLanguage":"de"},{"@type":"Organization","@id":"https:\/\/lapalmastars.com\/#organization","name":"La Palma Astronomy Tours","url":"https:\/\/lapalmastars.com\/","logo":{"@type":"ImageObject","inLanguage":"de","@id":"https:\/\/lapalmastars.com\/#\/schema\/logo\/image\/","url":"https:\/\/lapalmastars.com\/wp-content\/uploads\/2017\/03\/Logo.jpg","contentUrl":"https:\/\/lapalmastars.com\/wp-content\/uploads\/2017\/03\/Logo.jpg","width":193,"height":120,"caption":"La Palma Astronomy Tours"},"image":{"@id":"https:\/\/lapalmastars.com\/#\/schema\/logo\/image\/"},"sameAs":["https:\/\/www.facebook.com\/AstroLaPalma\/","https:\/\/x.com\/astrolapalma","https:\/\/www.instagram.com\/lapalmastars","https:\/\/www.youtube.com\/user\/astrolapalma"]}]}},"_links":{"self":[{"href":"https:\/\/lapalmastars.com\/de\/wp-json\/wp\/v2\/pages\/5320","targetHints":{"allow":["GET"]}}],"collection":[{"href":"https:\/\/lapalmastars.com\/de\/wp-json\/wp\/v2\/pages"}],"about":[{"href":"https:\/\/lapalmastars.com\/de\/wp-json\/wp\/v2\/types\/page"}],"author":[{"embeddable":true,"href":"https:\/\/lapalmastars.com\/de\/wp-json\/wp\/v2\/users\/8"}],"replies":[{"embeddable":true,"href":"https:\/\/lapalmastars.com\/de\/wp-json\/wp\/v2\/comments?post=5320"}],"version-history":[{"count":2,"href":"https:\/\/lapalmastars.com\/de\/wp-json\/wp\/v2\/pages\/5320\/revisions"}],"predecessor-version":[{"id":5324,"href":"https:\/\/lapalmastars.com\/de\/wp-json\/wp\/v2\/pages\/5320\/revisions\/5324"}],"wp:featuredmedia":[{"embeddable":true,"href":"https:\/\/lapalmastars.com\/de\/wp-json\/wp\/v2\/media\/5215"}],"wp:attachment":[{"href":"https:\/\/lapalmastars.com\/de\/wp-json\/wp\/v2\/media?parent=5320"}],"curies":[{"name":"wp","href":"https:\/\/api.w.org\/{rel}","templated":true}]}}