{"id":4374,"date":"2021-04-09T06:38:56","date_gmt":"2021-04-09T06:38:56","guid":{"rendered":"https:\/\/lapalmastars.com\/?page_id=4374"},"modified":"2024-05-22T22:19:48","modified_gmt":"2024-05-22T22:19:48","slug":"astronomische-ereignisse","status":"publish","type":"page","link":"https:\/\/lapalmastars.com\/de\/astronomische-ereignisse\/","title":{"rendered":"Astronomische Ereignisse"},"content":{"rendered":"<p>Wir organisieren spezielle Astro-Events, die fast immer mit astronomischen Ephemeriden zusammenh\u00e4ngen. Die Veranstaltungen k\u00f6nnen Fotografie- oder Astronomiekurse, Beobachtungen von Sonnenfinsternissen, Meteorschauer und sogar private Aktivit\u00e4ten oder Feiern (VIP) sein. Bedingungen wie Transport, Zeitplan oder Treffpunkt k\u00f6nnen je nach dem jeweiligen astronomischen Sonderereignis variieren und werden jeweils gesondert angegeben.<\/p>\n<p>Zu unseren regelm\u00e4\u00dfigen Astro-Aktivit\u00e4ten gelangen Sie bitte hier: <a href=\"https:\/\/lapalmastars.com\/de\/tours\/\">https:\/\/lapalmastars.com\/de\/tours\/<\/a><\/p>\n<p>Astro-Events finden auf Spanisch und\/oder Englisch statt. Aktuelle Veranstaltungen finden Sie hier:<a href=\"https:\/\/lapalmastars.com\/en\/astro-events\/\"> https:\/\/lapalmastars.com\/en\/astro-events\/<\/a><\/p>\n<p>&nbsp;<\/p>\n<hr \/>\n<p><span style=\"font-size: 14pt;\">Next astro event will be in August (to be announced): <\/span><strong><span style=\"color: #3366ff; font-size: 14pt;\">Perseid Meteor Shower 2024!<\/span><\/strong><\/p>\n<p>&nbsp;<\/p>\n<hr \/>\n<p>&nbsp;<\/p>\n<h3>\u200bPast astro events:<\/h3>\n<ol>\n<li>Northern lights May 2024!<\/li>\n<li>Perseid shower 2023<\/li>\n<li>Conferencia M\u00e9dica Simposio del Dolor (socadolor.es) del 1-2 Abril 2022.<\/li>\n<li>Observation of <strong>Eta Aquarid meteor shower<\/strong>\u00a0 (april 2021)<\/li>\n<li><a href=\"https:\/\/lapalmastars.com\/en\/exceptional-conjunction-jupiter-saturn\/\">Exceptional Conjunction of Jupiter and Saturn<\/a> &#8211; December 2020.<\/li>\n<li>Gemids meteor shower &#8211; December 2020<\/li>\n<li><a href=\"https:\/\/astrofestlapalma.es\/webinars\">Webinars of tourism and stars<\/a> (AstroFest La Palma). Outreach and astronomy (Nov and Dic 2020), our CEO Ana Garc\u00eda was the coordinator of this programme.<\/li>\n<li>Blue Moon (October). Special Event to observe the Moon.<\/li>\n<li>Apag\u00f3n \u201c<a href=\"https:\/\/astrofestlapalma.es\/evento\/apaga-la-luz-y-enciende-las-estrellas\/\"><strong>Apaga la Luz y Enciende las Estrellas<\/strong><\/a>\u201d. Partial blackout on the island to ease stargazing in towns and also concerts.<\/li>\n<li>Participation at the Organization of the <a href=\"http:\/\/href=&quot;https:\/\/astrofestlapalma.es\/\">AstroFest La Palma 2020<\/a>. All events of this festival can be found on the oficial website.<\/li>\n<li>Observation of <strong>Perseid meteor shower<\/strong>\u00a0 (August 2020).<\/li>\n<li>Observation of\u00a0 <strong>Comet Neowise<\/strong>\u00a0 (July 2020).<\/li>\n<\/ol>\n<table style=\"width: 95.1935%;\">\n<tbody>\n<tr>\n<td style=\"width: 54.9875%;\"><img decoding=\"async\" class=\"alignnone wp-image-3956\" src=\"https:\/\/lapalmastars.com\/wp-content\/uploads\/2021\/03\/LaPalmastars_astrolapalma_stargazing_salinas_fuencaliente_lapalma_4-300x184.jpeg\" alt=\"Nightscape photography. Conjunction of Jupiter and Saturno from las Salinas de Fuencaliente, La Palma\" width=\"250\" height=\"153\" srcset=\"https:\/\/lapalmastars.com\/wp-content\/uploads\/2021\/03\/LaPalmastars_astrolapalma_stargazing_salinas_fuencaliente_lapalma_4-300x184.jpeg 300w, https:\/\/lapalmastars.com\/wp-content\/uploads\/2021\/03\/LaPalmastars_astrolapalma_stargazing_salinas_fuencaliente_lapalma_4-1024x628.jpeg 1024w, https:\/\/lapalmastars.com\/wp-content\/uploads\/2021\/03\/LaPalmastars_astrolapalma_stargazing_salinas_fuencaliente_lapalma_4-768x471.jpeg 768w, https:\/\/lapalmastars.com\/wp-content\/uploads\/2021\/03\/LaPalmastars_astrolapalma_stargazing_salinas_fuencaliente_lapalma_4-1536x942.jpeg 1536w, https:\/\/lapalmastars.com\/wp-content\/uploads\/2021\/03\/LaPalmastars_astrolapalma_stargazing_salinas_fuencaliente_lapalma_4-2048x1256.jpeg 2048w, https:\/\/lapalmastars.com\/wp-content\/uploads\/2021\/03\/LaPalmastars_astrolapalma_stargazing_salinas_fuencaliente_lapalma_4-600x368.jpeg 600w\" sizes=\"(max-width: 250px) 100vw, 250px\" \/>\n<p>Nightscape photography. Conjunction of Jupiter and Saturno from las Salinas de Fuencaliente, La Palma<\/p><\/td>\n<td style=\"width: 153.791%;\">\n<p><figure id=\"attachment_4166\" aria-describedby=\"caption-attachment-4166\" style=\"width: 153px\" class=\"wp-caption alignnone\"><img decoding=\"async\" class=\"Cartel apag\u00f3n La Palma, Apaga la luz y disfruta de las estrellas wp-image-4166\" title=\"Cartel apag\u00f3n La Palma, Apaga la luz y disfruta de las estrellas\" src=\"https:\/\/lapalmastars.com\/wp-content\/uploads\/2021\/03\/LaPalmastars-astrolapalma-cartel_apagon_2020-200x300.jpg\" alt=\"Cartel apag\u00f3n La Palma, Apaga la luz y disfruta de las estrellas\" width=\"153\" height=\"230\" srcset=\"https:\/\/lapalmastars.com\/wp-content\/uploads\/2021\/03\/LaPalmastars-astrolapalma-cartel_apagon_2020-200x300.jpg 200w, https:\/\/lapalmastars.com\/wp-content\/uploads\/2021\/03\/LaPalmastars-astrolapalma-cartel_apagon_2020.jpg 582w\" sizes=\"(max-width: 153px) 100vw, 153px\" \/><figcaption id=\"caption-attachment-4166\" class=\"wp-caption-text\">Cartel apag\u00f3n La Palma, Apaga la luz y disfruta de las estrellas<\/figcaption><\/figure><\/p><\/td>\n<\/tr>\n<\/tbody>\n<\/table>\n<p>\u200b<\/p>\n","protected":false},"excerpt":{"rendered":"<p>Wir organisieren spezielle Astro-Events, die fast immer mit astronomischen Ephemeriden zusammenh\u00e4ngen. Die Veranstaltungen k\u00f6nnen Fotografie- oder Astronomiekurse, Beobachtungen von Sonnenfinsternissen, Meteorschauer und sogar private Aktivit\u00e4ten oder Feiern (VIP) sein. Bedingungen wie Transport, Zeitplan oder Treffpunkt<\/p>\n<div class=\"padding-top text-center\"><a href=\"https:\/\/lapalmastars.com\/de\/astronomische-ereignisse\/\" class=\"atbtn atbtn--medium atbtn--rounded atbtn--transparent\">leer m\u00e1s<i class=\"atbtn__icon atbtn__icon--right fa fa-long-arrow-right\"><\/i><\/a><\/div>\n","protected":false},"author":8,"featured_media":0,"parent":0,"menu_order":0,"comment_status":"closed","ping_status":"closed","template":"","meta":{"footnotes":""},"class_list":["post-4374","page","type-page","status-publish","hentry"],"yoast_head":"<!-- This site is optimized with the Yoast SEO Premium plugin v25.4 (Yoast SEO v26.6) - https:\/\/yoast.com\/wordpress\/plugins\/seo\/ -->\n<title>Astronomische Ereignisse - AstroLaPalma<\/title>\n<meta name=\"description\" content=\"Spezielle Astro-Events, um das Beste des Jahres in Sachen Astronomie zu erleben: Konjunktionen, Meteoritenschauer, Vollmond, Kometen\" \/>\n<meta name=\"robots\" content=\"index, follow, max-snippet:-1, max-image-preview:large, max-video-preview:-1\" \/>\n<link rel=\"canonical\" href=\"https:\/\/lapalmastars.com\/astro-eventos\/\" \/>\n<meta property=\"og:locale\" content=\"de_DE\" \/>\n<meta property=\"og:type\" content=\"article\" \/>\n<meta property=\"og:title\" content=\"Astronomische Ereignisse\" \/>\n<meta property=\"og:description\" content=\"Spezielle Astro-Events, um das Beste des Jahres in Sachen Astronomie zu erleben: Konjunktionen, Meteoritenschauer, Vollmond, Kometen\" \/>\n<meta property=\"og:url\" content=\"https:\/\/lapalmastars.com\/astro-eventos\/\" \/>\n<meta property=\"og:site_name\" content=\"AstroLaPalma\" \/>\n<meta property=\"article:publisher\" content=\"https:\/\/www.facebook.com\/AstroLaPalma\/\" \/>\n<meta property=\"article:modified_time\" content=\"2024-05-22T22:19:48+00:00\" \/>\n<meta property=\"og:image\" content=\"https:\/\/lapalmastars.com\/wp-content\/uploads\/2021\/03\/LaPalmastars_astrolapalma_stargazing_salinas_fuencaliente_lapalma_4-300x184.jpeg\" \/>\n<meta name=\"twitter:card\" content=\"summary_large_image\" \/>\n<meta name=\"twitter:site\" content=\"@astrolapalma\" \/>\n<meta name=\"twitter:label1\" content=\"Gesch\u00e4tzte Lesezeit\" \/>\n\t<meta name=\"twitter:data1\" content=\"2\u00a0Minuten\" \/>\n<script type=\"application\/ld+json\" class=\"yoast-schema-graph\">{\"@context\":\"https:\/\/schema.org\",\"@graph\":[{\"@type\":\"WebPage\",\"@id\":\"https:\/\/lapalmastars.com\/astro-eventos\/\",\"url\":\"https:\/\/lapalmastars.com\/astro-eventos\/\",\"name\":\"Astronomische Ereignisse - AstroLaPalma\",\"isPartOf\":{\"@id\":\"https:\/\/lapalmastars.com\/#website\"},\"primaryImageOfPage\":{\"@id\":\"https:\/\/lapalmastars.com\/astro-eventos\/#primaryimage\"},\"image\":{\"@id\":\"https:\/\/lapalmastars.com\/astro-eventos\/#primaryimage\"},\"thumbnailUrl\":\"https:\/\/lapalmastars.com\/wp-content\/uploads\/2021\/03\/LaPalmastars_astrolapalma_stargazing_salinas_fuencaliente_lapalma_4-300x184.jpeg\",\"datePublished\":\"2021-04-09T06:38:56+00:00\",\"dateModified\":\"2024-05-22T22:19:48+00:00\",\"description\":\"Spezielle Astro-Events, um das Beste des Jahres in Sachen Astronomie zu erleben: Konjunktionen, Meteoritenschauer, Vollmond, Kometen\",\"breadcrumb\":{\"@id\":\"https:\/\/lapalmastars.com\/astro-eventos\/#breadcrumb\"},\"inLanguage\":\"de\",\"potentialAction\":[{\"@type\":\"ReadAction\",\"target\":[\"https:\/\/lapalmastars.com\/astro-eventos\/\"]}]},{\"@type\":\"ImageObject\",\"inLanguage\":\"de\",\"@id\":\"https:\/\/lapalmastars.com\/astro-eventos\/#primaryimage\",\"url\":\"https:\/\/lapalmastars.com\/wp-content\/uploads\/2021\/03\/LaPalmastars_astrolapalma_stargazing_salinas_fuencaliente_lapalma_4-300x184.jpeg\",\"contentUrl\":\"https:\/\/lapalmastars.com\/wp-content\/uploads\/2021\/03\/LaPalmastars_astrolapalma_stargazing_salinas_fuencaliente_lapalma_4-300x184.jpeg\"},{\"@type\":\"BreadcrumbList\",\"@id\":\"https:\/\/lapalmastars.com\/astro-eventos\/#breadcrumb\",\"itemListElement\":[{\"@type\":\"ListItem\",\"position\":1,\"name\":\"Portada\",\"item\":\"https:\/\/lapalmastars.com\/de\/\"},{\"@type\":\"ListItem\",\"position\":2,\"name\":\"Astronomische Ereignisse\"}]},{\"@type\":\"WebSite\",\"@id\":\"https:\/\/lapalmastars.com\/#website\",\"url\":\"https:\/\/lapalmastars.com\/\",\"name\":\"La Palma Astronomy Tours\",\"description\":\"AstroLaPalma, turismo de estrellas\",\"publisher\":{\"@id\":\"https:\/\/lapalmastars.com\/#organization\"},\"potentialAction\":[{\"@type\":\"SearchAction\",\"target\":{\"@type\":\"EntryPoint\",\"urlTemplate\":\"https:\/\/lapalmastars.com\/?s={search_term_string}\"},\"query-input\":{\"@type\":\"PropertyValueSpecification\",\"valueRequired\":true,\"valueName\":\"search_term_string\"}}],\"inLanguage\":\"de\"},{\"@type\":\"Organization\",\"@id\":\"https:\/\/lapalmastars.com\/#organization\",\"name\":\"La Palma Astronomy Tours\",\"url\":\"https:\/\/lapalmastars.com\/\",\"logo\":{\"@type\":\"ImageObject\",\"inLanguage\":\"de\",\"@id\":\"https:\/\/lapalmastars.com\/#\/schema\/logo\/image\/\",\"url\":\"https:\/\/lapalmastars.com\/wp-content\/uploads\/2017\/03\/Logo.jpg\",\"contentUrl\":\"https:\/\/lapalmastars.com\/wp-content\/uploads\/2017\/03\/Logo.jpg\",\"width\":193,\"height\":120,\"caption\":\"La Palma Astronomy Tours\"},\"image\":{\"@id\":\"https:\/\/lapalmastars.com\/#\/schema\/logo\/image\/\"},\"sameAs\":[\"https:\/\/www.facebook.com\/AstroLaPalma\/\",\"https:\/\/x.com\/astrolapalma\",\"https:\/\/www.instagram.com\/lapalmastars\",\"https:\/\/www.youtube.com\/user\/astrolapalma\"]}]}<\/script>\n<!-- \/ Yoast SEO Premium plugin. -->","yoast_head_json":{"title":"Astronomische Ereignisse - AstroLaPalma","description":"Spezielle Astro-Events, um das Beste des Jahres in Sachen Astronomie zu erleben: Konjunktionen, Meteoritenschauer, Vollmond, Kometen","robots":{"index":"index","follow":"follow","max-snippet":"max-snippet:-1","max-image-preview":"max-image-preview:large","max-video-preview":"max-video-preview:-1"},"canonical":"https:\/\/lapalmastars.com\/astro-eventos\/","og_locale":"de_DE","og_type":"article","og_title":"Astronomische Ereignisse","og_description":"Spezielle Astro-Events, um das Beste des Jahres in Sachen Astronomie zu erleben: Konjunktionen, Meteoritenschauer, Vollmond, Kometen","og_url":"https:\/\/lapalmastars.com\/astro-eventos\/","og_site_name":"AstroLaPalma","article_publisher":"https:\/\/www.facebook.com\/AstroLaPalma\/","article_modified_time":"2024-05-22T22:19:48+00:00","og_image":[{"url":"https:\/\/lapalmastars.com\/wp-content\/uploads\/2021\/03\/LaPalmastars_astrolapalma_stargazing_salinas_fuencaliente_lapalma_4-300x184.jpeg","type":"","width":"","height":""}],"twitter_card":"summary_large_image","twitter_site":"@astrolapalma","twitter_misc":{"Gesch\u00e4tzte Lesezeit":"2\u00a0Minuten"},"schema":{"@context":"https:\/\/schema.org","@graph":[{"@type":"WebPage","@id":"https:\/\/lapalmastars.com\/astro-eventos\/","url":"https:\/\/lapalmastars.com\/astro-eventos\/","name":"Astronomische Ereignisse - AstroLaPalma","isPartOf":{"@id":"https:\/\/lapalmastars.com\/#website"},"primaryImageOfPage":{"@id":"https:\/\/lapalmastars.com\/astro-eventos\/#primaryimage"},"image":{"@id":"https:\/\/lapalmastars.com\/astro-eventos\/#primaryimage"},"thumbnailUrl":"https:\/\/lapalmastars.com\/wp-content\/uploads\/2021\/03\/LaPalmastars_astrolapalma_stargazing_salinas_fuencaliente_lapalma_4-300x184.jpeg","datePublished":"2021-04-09T06:38:56+00:00","dateModified":"2024-05-22T22:19:48+00:00","description":"Spezielle Astro-Events, um das Beste des Jahres in Sachen Astronomie zu erleben: Konjunktionen, Meteoritenschauer, Vollmond, Kometen","breadcrumb":{"@id":"https:\/\/lapalmastars.com\/astro-eventos\/#breadcrumb"},"inLanguage":"de","potentialAction":[{"@type":"ReadAction","target":["https:\/\/lapalmastars.com\/astro-eventos\/"]}]},{"@type":"ImageObject","inLanguage":"de","@id":"https:\/\/lapalmastars.com\/astro-eventos\/#primaryimage","url":"https:\/\/lapalmastars.com\/wp-content\/uploads\/2021\/03\/LaPalmastars_astrolapalma_stargazing_salinas_fuencaliente_lapalma_4-300x184.jpeg","contentUrl":"https:\/\/lapalmastars.com\/wp-content\/uploads\/2021\/03\/LaPalmastars_astrolapalma_stargazing_salinas_fuencaliente_lapalma_4-300x184.jpeg"},{"@type":"BreadcrumbList","@id":"https:\/\/lapalmastars.com\/astro-eventos\/#breadcrumb","itemListElement":[{"@type":"ListItem","position":1,"name":"Portada","item":"https:\/\/lapalmastars.com\/de\/"},{"@type":"ListItem","position":2,"name":"Astronomische Ereignisse"}]},{"@type":"WebSite","@id":"https:\/\/lapalmastars.com\/#website","url":"https:\/\/lapalmastars.com\/","name":"La Palma Astronomy Tours","description":"AstroLaPalma, turismo de estrellas","publisher":{"@id":"https:\/\/lapalmastars.com\/#organization"},"potentialAction":[{"@type":"SearchAction","target":{"@type":"EntryPoint","urlTemplate":"https:\/\/lapalmastars.com\/?s={search_term_string}"},"query-input":{"@type":"PropertyValueSpecification","valueRequired":true,"valueName":"search_term_string"}}],"inLanguage":"de"},{"@type":"Organization","@id":"https:\/\/lapalmastars.com\/#organization","name":"La Palma Astronomy Tours","url":"https:\/\/lapalmastars.com\/","logo":{"@type":"ImageObject","inLanguage":"de","@id":"https:\/\/lapalmastars.com\/#\/schema\/logo\/image\/","url":"https:\/\/lapalmastars.com\/wp-content\/uploads\/2017\/03\/Logo.jpg","contentUrl":"https:\/\/lapalmastars.com\/wp-content\/uploads\/2017\/03\/Logo.jpg","width":193,"height":120,"caption":"La Palma Astronomy Tours"},"image":{"@id":"https:\/\/lapalmastars.com\/#\/schema\/logo\/image\/"},"sameAs":["https:\/\/www.facebook.com\/AstroLaPalma\/","https:\/\/x.com\/astrolapalma","https:\/\/www.instagram.com\/lapalmastars","https:\/\/www.youtube.com\/user\/astrolapalma"]}]}},"_links":{"self":[{"href":"https:\/\/lapalmastars.com\/de\/wp-json\/wp\/v2\/pages\/4374","targetHints":{"allow":["GET"]}}],"collection":[{"href":"https:\/\/lapalmastars.com\/de\/wp-json\/wp\/v2\/pages"}],"about":[{"href":"https:\/\/lapalmastars.com\/de\/wp-json\/wp\/v2\/types\/page"}],"author":[{"embeddable":true,"href":"https:\/\/lapalmastars.com\/de\/wp-json\/wp\/v2\/users\/8"}],"replies":[{"embeddable":true,"href":"https:\/\/lapalmastars.com\/de\/wp-json\/wp\/v2\/comments?post=4374"}],"version-history":[{"count":16,"href":"https:\/\/lapalmastars.com\/de\/wp-json\/wp\/v2\/pages\/4374\/revisions"}],"predecessor-version":[{"id":5615,"href":"https:\/\/lapalmastars.com\/de\/wp-json\/wp\/v2\/pages\/4374\/revisions\/5615"}],"wp:attachment":[{"href":"https:\/\/lapalmastars.com\/de\/wp-json\/wp\/v2\/media?parent=4374"}],"curies":[{"name":"wp","href":"https:\/\/api.w.org\/{rel}","templated":true}]}}