{"id":1344,"date":"2017-03-27T15:24:53","date_gmt":"2017-03-27T15:24:53","guid":{"rendered":"https:\/\/lapalmastars.com\/de\/?page_id=1344"},"modified":"2026-04-08T20:05:13","modified_gmt":"2026-04-08T20:05:13","slug":"top-sehenswuerdigkeiten","status":"publish","type":"page","link":"https:\/\/lapalmastars.com\/de\/la-palma\/top-sehenswuerdigkeiten\/","title":{"rendered":"Top-Sehensw\u00fcrdigkeiten"},"content":{"rendered":"<div class=\"wpb-content-wrapper\"><p>[vc_row][vc_column][vc_column_text]<strong>Top-Sehensw\u00fcrdigkeiten<\/strong><\/p>\n<p>[\/vc_column_text][\/vc_column][\/vc_row][vc_row 0=&#8220;&#8220;][vc_column 0=&#8220;&#8220;][vc_column_text 0=&#8220;&#8220;]<\/p>\n<h1>Sehensw\u00fcrdigkeiten auf La Palma: Natur, Vulkane und Sternenhimmel<\/h1>\n<h2><em>Entdecken Sie eine der spektakul\u00e4rsten Inseln der Kanarischen Inseln<\/em><\/h2>\n<p><span style=\"font-weight: 400;\"><a href=\"https:\/\/visitlapalma.es\/de\" target=\"_blank\" rel=\"noopener noreferrer\">La Palma<\/a> ist eine Insel im Atlantischen Ozean und geh\u00f6rt zu den Kanarischen Inseln (Spanien). Vulkanischen Ursprungs und mit einer au\u00dfergew\u00f6hnlichen landschaftlichen Vielfalt ist La Palma eine der steilsten Inseln der Welt. Die Berge sind von kanarischen Kiefern und Lorbeerw\u00e4ldern bedeckt, w\u00e4hrend an der K\u00fcste zahlreiche Palmen wachsen. Dank ihres milden und feuchten Klimas ist die Insel besonders gr\u00fcn und wird oft als ein kleiner Kontinent beschrieben.<\/span><\/p>\n<p><span style=\"font-weight: 400;\">Im Jahr <b>2002<\/b> wurde die gesamte Insel La Palma von der UNESCO zur <b>\u201e<a href=\"https:\/\/www.spain.info\/de\/natur\/biosphaerenreservat-palma\" target=\"_blank\" rel=\"noopener noreferrer\">Biosph\u00e4renreservat<\/a>\u201c<\/b> erkl\u00e4rt. Im Jahr <b>2006<\/b> wurde La Palma au\u00dferdem als <b>erstes nachhaltiges Reiseziel der Welt<\/b> ausgezeichnet.<\/span><\/p>\n<p><span style=\"font-weight: 400;\">Die Insel ist auch bekannt f\u00fcr die <b>au\u00dfergew\u00f6hnliche Qualit\u00e4t ihres Nachthimmels<\/b>, der durch ein spezielles <b>\u201eHimmelsgesetz\u201c<\/b> zum Schutz vor Lichtverschmutzung gesch\u00fctzt wird. Aus diesem Grund befindet sich hier eines der bedeutendsten astronomischen Observatorien der Welt. La Palma, das erste <a href=\"http:\/\/www.starsislandlapalma.es\/en\/the-island\/the-sky-starlight-reserve\/\" target=\"_blank\" rel=\"noopener noreferrer\"><span style=\"font-weight: 400;\">Starlight-Reservat<\/span><\/a> der Erde, z\u00e4hlt zu den besten Orten weltweit f\u00fcr <b>Astrotourismus und Sternenbeobachtung<\/b>.<\/span><\/p>\n<p><b>Sehensw\u00fcrdigkeiten auf La Palma:<\/b><\/p>\n<ul>\n<li style=\"font-weight: 400;\"><strong><a href=\"https:\/\/visitlapalma.es\/de\/naturraeume\/la-palma\/nationalpark-caldera-de-taburiente\" target=\"_blank\" rel=\"noopener noreferrer\">Nationalpark Caldera de Taburiente<\/a><\/strong><span style=\"font-weight: 400;\">, mit einem \u00fcber 8 km breiten Krater. Der Park bietet spektakul\u00e4re Landschaften, tiefe Schluchten und eine einzigartige Vegetation.<\/span><\/li>\n<li style=\"font-weight: 400;\"><a href=\"https:\/\/visitlapalma.es\/de\/naturraeume\/la-palma\/wald-los-tilos\" target=\"_blank\" rel=\"noopener noreferrer\"><b>Bosque de los Tilos<\/b><\/a><span style=\"font-weight: 400;\">, im Norden der Insel gelegen, ist einer der am besten erhaltenen Lorbeerw\u00e4lder Europas und reich an Wasserressourcen. Es war zudem das erste gesch\u00fctzte Gebiet der Insel.<\/span><\/li>\n<li style=\"font-weight: 400;\"><a href=\"https:\/\/visitlapalma.es\/de\/gemeinde\/santa-cruz-de-la-palma\" target=\"_blank\" rel=\"noopener noreferrer\"><b>Santa Cruz de La Palma<\/b><\/a><span style=\"font-weight: 400;\">, die Hauptstadt der Insel, besticht durch ihre historische Altstadt, traditionelle Holzbalkone und H\u00e4user aus dem 16. Jahrhundert.<\/span><\/li>\n<li style=\"font-weight: 400;\"><b>Naturpark Cumbre Vieja<\/b><span style=\"font-weight: 400;\">, eine vulkanische Gebirgskette, die sich vom Zentrum bis in den S\u00fcden der Insel erstreckt. Dazu geh\u00f6ren die Vulkane <b>San Antonio<\/b>, <b>San Juan<\/b> und <b>Tenegu\u00eda<\/b>.<\/span><\/li>\n<li style=\"font-weight: 400;\"><strong><a href=\"https:\/\/visitlapalma.es\/de\/wandern\/la-palma\/wanderweg-zum-neuen-vulkan-tajogaite\" target=\"_blank\" rel=\"noopener noreferrer\">Vulkan Tajogaite<\/a><\/strong><span style=\"font-weight: 400;\">, der j\u00fcngste Vulkan der Insel, entstanden durch den Ausbruch im Jahr 2021. Ein Besuch dieses Gebiets erm\u00f6glicht es, die Kraft der Natur zu verstehen und die Ver\u00e4nderungen der vulkanischen Landschaft hautnah zu erleben.<\/span><\/li>\n<li style=\"font-weight: 400;\"><span style=\"font-weight: 400;\">Die ruhige, l\u00e4ndliche Atmosph\u00e4re der Insel sowie ihre gro\u00dfe Vielfalt an Landschaften und Klimazonen.<\/span><\/li>\n<li style=\"font-weight: 400;\"><a href=\"https:\/\/visitlapalma.es\/de\/wanderwege-la-palma\" target=\"_blank\" rel=\"noopener noreferrer\"><span style=\"font-weight: 400;\">Das Netz an Wanderwegen<\/span><\/a><span style=\"font-weight: 400;\"> macht La Palma zu einem Paradies f\u00fcr Wanderer und Naturliebhaber.<\/span><\/li>\n<li style=\"font-weight: 400;\"><b>Observatorium Roque de los Muchachos<\/b><span style=\"font-weight: 400;\">, eines der bedeutendsten Observatorien der Welt. F\u00fchrungen zu den Teleskopen sind nach vorheriger Reservierung m\u00f6glich. Weitere Informationen <\/span><a href=\"https:\/\/lapalmastars.com\/de\/besuch-observatorium-roque-muchachos-lapalma\/\" target=\"_blank\" rel=\"noopener noreferrer\"><span style=\"font-weight: 400;\">hier<\/span><\/a><span style=\"font-weight: 400;\">.<\/span><\/li>\n<li style=\"font-weight: 400;\"><span style=\"font-weight: 400;\">Und nat\u00fcrlich geh\u00f6rt es zu den besten Erlebnissen auf La Palma, den <strong>dunklen Sternenhimmel<\/strong> zu genie\u00dfen. Die Insel bietet ideale Bedingungen f\u00fcr <strong>Sternenbeobachtung, Astrotourismus und Nachtfotografie<\/strong>. Auf <strong>LaPalmaStars.com<\/strong> bieten wir <strong>Sternenf\u00fchrungen, Observatoriumsbesuche und Fototouren zur Milchstra\u00dfe<\/strong> an. Besuchen Sie unsere <a href=\"https:\/\/lapalmastars.com\/de\/tours\/astronomie-touren-sternbeobachtung\/\"><strong>TOURS<\/strong>-Sektion<\/a> f\u00fcr weitere Informationen.<\/span><\/li>\n<\/ul>\n<p><span style=\"font-weight: 400;\">Genie\u00dfen Sie Ihren Aufenthalt auf La Palma!<\/span>[\/vc_column_text][vc_empty_space 0=&#8220;&#8220;][\/vc_column][\/vc_row][vc_row 0=&#8220;&#8220;][vc_column width=&#8220;1\/2&#8243;][vc_video link=&#8220;https:\/\/vimeo.com\/77531110&#8243;][vc_empty_space 0=&#8220;&#8220;][\/vc_column][vc_column width=&#8220;1\/2&#8243;][vc_video link=&#8220;https:\/\/vimeo.com\/53845425&#8243;][vc_empty_space 0=&#8220;&#8220;][\/vc_column][\/vc_row][vc_row 0=&#8220;&#8220;][vc_column width=&#8220;1\/2&#8243;][vc_video link=&#8220;https:\/\/youtu.be\/C-y-iepHXVg?list=FL548JwhqJ45jiptTfnOK8bA&#8220;][vc_empty_space 0=&#8220;&#8220;][\/vc_column][vc_column width=&#8220;1\/2&#8243;][vc_video link=&#8220;https:\/\/youtu.be\/1PdaqC5z88g?list=FL548JwhqJ45jiptTfnOK8bA&#8220;][vc_empty_space 0=&#8220;&#8220;][\/vc_column][\/vc_row][vc_row 0=&#8220;&#8220;][vc_column width=&#8220;1\/2&#8243;][vc_video link=&#8220;https:\/\/youtu.be\/VS4dRiWmQjo?list=FL548JwhqJ45jiptTfnOK8bA&#8220;][vc_empty_space 0=&#8220;&#8220;][\/vc_column][vc_column width=&#8220;1\/2&#8243;][vc_empty_space 0=&#8220;&#8220;][\/vc_column][\/vc_row]<\/p>\n<\/div>","protected":false},"excerpt":{"rendered":"<p>[vc_row][vc_column][vc_column_text]Top-Sehensw\u00fcrdigkeiten [\/vc_column_text][\/vc_column][\/vc_row][vc_row 0=&#8220;&#8220;][vc_column 0=&#8220;&#8220;][vc_column_text 0=&#8220;&#8220;] Sehensw\u00fcrdigkeiten auf La Palma: Natur, Vulkane und Sternenhimmel Entdecken Sie eine der spektakul\u00e4rsten Inseln der Kanarischen Inseln La Palma ist eine Insel im Atlantischen Ozean und geh\u00f6rt zu den Kanarischen<\/p>\n<div class=\"padding-top text-center\"><a href=\"https:\/\/lapalmastars.com\/de\/la-palma\/top-sehenswuerdigkeiten\/\" class=\"atbtn atbtn--medium atbtn--rounded atbtn--transparent\">leer m\u00e1s<i class=\"atbtn__icon atbtn__icon--right fa fa-long-arrow-right\"><\/i><\/a><\/div>\n","protected":false},"author":1,"featured_media":4498,"parent":1308,"menu_order":0,"comment_status":"closed","ping_status":"closed","template":"","meta":{"footnotes":""},"class_list":["post-1344","page","type-page","status-publish","has-post-thumbnail","hentry"],"yoast_head":"<!-- This site is optimized with the Yoast SEO Premium plugin v25.4 (Yoast SEO v26.6) - https:\/\/yoast.com\/wordpress\/plugins\/seo\/ -->\n<title>Top-Sehensw\u00fcrdigkeiten - AstroLaPalma<\/title>\n<meta name=\"description\" content=\"Was Sie Nicht Verpassen auf La Palma. Der dunkle Himmel von La Palma ist ber\u00fchmt. Ein Muss ist die Sternenbeobachtung #Wandern #Sterne #Natur\" \/>\n<meta name=\"robots\" content=\"index, follow, max-snippet:-1, max-image-preview:large, max-video-preview:-1\" \/>\n<link rel=\"canonical\" href=\"https:\/\/lapalmastars.com\/de\/la-palma\/top-sehenswuerdigkeiten\/\" \/>\n<meta property=\"og:locale\" content=\"de_DE\" \/>\n<meta property=\"og:type\" content=\"article\" \/>\n<meta property=\"og:title\" content=\"Top-Sehensw\u00fcrdigkeiten\" \/>\n<meta property=\"og:description\" content=\"Was Sie Nicht Verpassen auf La Palma. Der dunkle Himmel von La Palma ist ber\u00fchmt. Ein Muss ist die Sternenbeobachtung #Wandern #Sterne #Natur\" \/>\n<meta property=\"og:url\" content=\"https:\/\/lapalmastars.com\/de\/la-palma\/top-sehenswuerdigkeiten\/\" \/>\n<meta property=\"og:site_name\" content=\"AstroLaPalma\" \/>\n<meta property=\"article:publisher\" content=\"https:\/\/www.facebook.com\/AstroLaPalma\/\" \/>\n<meta property=\"article:modified_time\" content=\"2026-04-08T20:05:13+00:00\" \/>\n<meta property=\"og:image\" content=\"https:\/\/lapalmastars.com\/wp-content\/uploads\/2021\/06\/Landscape_night_photography_MilkyWay.jpg\" \/>\n\t<meta property=\"og:image:width\" content=\"1500\" \/>\n\t<meta property=\"og:image:height\" content=\"1000\" \/>\n\t<meta property=\"og:image:type\" content=\"image\/jpeg\" \/>\n<meta name=\"twitter:card\" content=\"summary_large_image\" \/>\n<meta name=\"twitter:site\" content=\"@astrolapalma\" \/>\n<meta name=\"twitter:label1\" content=\"Gesch\u00e4tzte Lesezeit\" \/>\n\t<meta name=\"twitter:data1\" content=\"3\u00a0Minuten\" \/>\n<script type=\"application\/ld+json\" class=\"yoast-schema-graph\">{\"@context\":\"https:\/\/schema.org\",\"@graph\":[{\"@type\":\"WebPage\",\"@id\":\"https:\/\/lapalmastars.com\/de\/la-palma\/top-sehenswuerdigkeiten\/\",\"url\":\"https:\/\/lapalmastars.com\/de\/la-palma\/top-sehenswuerdigkeiten\/\",\"name\":\"Top-Sehensw\u00fcrdigkeiten - AstroLaPalma\",\"isPartOf\":{\"@id\":\"https:\/\/lapalmastars.com\/#website\"},\"primaryImageOfPage\":{\"@id\":\"https:\/\/lapalmastars.com\/de\/la-palma\/top-sehenswuerdigkeiten\/#primaryimage\"},\"image\":{\"@id\":\"https:\/\/lapalmastars.com\/de\/la-palma\/top-sehenswuerdigkeiten\/#primaryimage\"},\"thumbnailUrl\":\"https:\/\/lapalmastars.com\/wp-content\/uploads\/2021\/06\/Landscape_night_photography_MilkyWay.jpg\",\"datePublished\":\"2017-03-27T15:24:53+00:00\",\"dateModified\":\"2026-04-08T20:05:13+00:00\",\"description\":\"Was Sie Nicht Verpassen auf La Palma. Der dunkle Himmel von La Palma ist ber\u00fchmt. Ein Muss ist die Sternenbeobachtung #Wandern #Sterne #Natur\",\"breadcrumb\":{\"@id\":\"https:\/\/lapalmastars.com\/de\/la-palma\/top-sehenswuerdigkeiten\/#breadcrumb\"},\"inLanguage\":\"de\",\"potentialAction\":[{\"@type\":\"ReadAction\",\"target\":[\"https:\/\/lapalmastars.com\/de\/la-palma\/top-sehenswuerdigkeiten\/\"]}]},{\"@type\":\"ImageObject\",\"inLanguage\":\"de\",\"@id\":\"https:\/\/lapalmastars.com\/de\/la-palma\/top-sehenswuerdigkeiten\/#primaryimage\",\"url\":\"https:\/\/lapalmastars.com\/wp-content\/uploads\/2021\/06\/Landscape_night_photography_MilkyWay.jpg\",\"contentUrl\":\"https:\/\/lapalmastars.com\/wp-content\/uploads\/2021\/06\/Landscape_night_photography_MilkyWay.jpg\",\"width\":1500,\"height\":1000,\"caption\":\"Landscape night photography near Roque de Los Muchachos in La Palma\"},{\"@type\":\"BreadcrumbList\",\"@id\":\"https:\/\/lapalmastars.com\/de\/la-palma\/top-sehenswuerdigkeiten\/#breadcrumb\",\"itemListElement\":[{\"@type\":\"ListItem\",\"position\":1,\"name\":\"Portada\",\"item\":\"https:\/\/lapalmastars.com\/de\/\"},{\"@type\":\"ListItem\",\"position\":2,\"name\":\"La Palma, Kanarische Inseln\",\"item\":\"https:\/\/lapalmastars.com\/de\/la-palma\/\"},{\"@type\":\"ListItem\",\"position\":3,\"name\":\"Top-Sehensw\u00fcrdigkeiten\"}]},{\"@type\":\"WebSite\",\"@id\":\"https:\/\/lapalmastars.com\/#website\",\"url\":\"https:\/\/lapalmastars.com\/\",\"name\":\"La Palma Astronomy Tours\",\"description\":\"AstroLaPalma, turismo de estrellas\",\"publisher\":{\"@id\":\"https:\/\/lapalmastars.com\/#organization\"},\"potentialAction\":[{\"@type\":\"SearchAction\",\"target\":{\"@type\":\"EntryPoint\",\"urlTemplate\":\"https:\/\/lapalmastars.com\/?s={search_term_string}\"},\"query-input\":{\"@type\":\"PropertyValueSpecification\",\"valueRequired\":true,\"valueName\":\"search_term_string\"}}],\"inLanguage\":\"de\"},{\"@type\":\"Organization\",\"@id\":\"https:\/\/lapalmastars.com\/#organization\",\"name\":\"La Palma Astronomy Tours\",\"url\":\"https:\/\/lapalmastars.com\/\",\"logo\":{\"@type\":\"ImageObject\",\"inLanguage\":\"de\",\"@id\":\"https:\/\/lapalmastars.com\/#\/schema\/logo\/image\/\",\"url\":\"https:\/\/lapalmastars.com\/wp-content\/uploads\/2017\/03\/Logo.jpg\",\"contentUrl\":\"https:\/\/lapalmastars.com\/wp-content\/uploads\/2017\/03\/Logo.jpg\",\"width\":193,\"height\":120,\"caption\":\"La Palma Astronomy Tours\"},\"image\":{\"@id\":\"https:\/\/lapalmastars.com\/#\/schema\/logo\/image\/\"},\"sameAs\":[\"https:\/\/www.facebook.com\/AstroLaPalma\/\",\"https:\/\/x.com\/astrolapalma\",\"https:\/\/www.instagram.com\/lapalmastars\",\"https:\/\/www.youtube.com\/user\/astrolapalma\"]}]}<\/script>\n<!-- \/ Yoast SEO Premium plugin. -->","yoast_head_json":{"title":"Top-Sehensw\u00fcrdigkeiten - AstroLaPalma","description":"Was Sie Nicht Verpassen auf La Palma. Der dunkle Himmel von La Palma ist ber\u00fchmt. Ein Muss ist die Sternenbeobachtung #Wandern #Sterne #Natur","robots":{"index":"index","follow":"follow","max-snippet":"max-snippet:-1","max-image-preview":"max-image-preview:large","max-video-preview":"max-video-preview:-1"},"canonical":"https:\/\/lapalmastars.com\/de\/la-palma\/top-sehenswuerdigkeiten\/","og_locale":"de_DE","og_type":"article","og_title":"Top-Sehensw\u00fcrdigkeiten","og_description":"Was Sie Nicht Verpassen auf La Palma. Der dunkle Himmel von La Palma ist ber\u00fchmt. Ein Muss ist die Sternenbeobachtung #Wandern #Sterne #Natur","og_url":"https:\/\/lapalmastars.com\/de\/la-palma\/top-sehenswuerdigkeiten\/","og_site_name":"AstroLaPalma","article_publisher":"https:\/\/www.facebook.com\/AstroLaPalma\/","article_modified_time":"2026-04-08T20:05:13+00:00","og_image":[{"width":1500,"height":1000,"url":"https:\/\/lapalmastars.com\/wp-content\/uploads\/2021\/06\/Landscape_night_photography_MilkyWay.jpg","type":"image\/jpeg"}],"twitter_card":"summary_large_image","twitter_site":"@astrolapalma","twitter_misc":{"Gesch\u00e4tzte Lesezeit":"3\u00a0Minuten"},"schema":{"@context":"https:\/\/schema.org","@graph":[{"@type":"WebPage","@id":"https:\/\/lapalmastars.com\/de\/la-palma\/top-sehenswuerdigkeiten\/","url":"https:\/\/lapalmastars.com\/de\/la-palma\/top-sehenswuerdigkeiten\/","name":"Top-Sehensw\u00fcrdigkeiten - AstroLaPalma","isPartOf":{"@id":"https:\/\/lapalmastars.com\/#website"},"primaryImageOfPage":{"@id":"https:\/\/lapalmastars.com\/de\/la-palma\/top-sehenswuerdigkeiten\/#primaryimage"},"image":{"@id":"https:\/\/lapalmastars.com\/de\/la-palma\/top-sehenswuerdigkeiten\/#primaryimage"},"thumbnailUrl":"https:\/\/lapalmastars.com\/wp-content\/uploads\/2021\/06\/Landscape_night_photography_MilkyWay.jpg","datePublished":"2017-03-27T15:24:53+00:00","dateModified":"2026-04-08T20:05:13+00:00","description":"Was Sie Nicht Verpassen auf La Palma. Der dunkle Himmel von La Palma ist ber\u00fchmt. Ein Muss ist die Sternenbeobachtung #Wandern #Sterne #Natur","breadcrumb":{"@id":"https:\/\/lapalmastars.com\/de\/la-palma\/top-sehenswuerdigkeiten\/#breadcrumb"},"inLanguage":"de","potentialAction":[{"@type":"ReadAction","target":["https:\/\/lapalmastars.com\/de\/la-palma\/top-sehenswuerdigkeiten\/"]}]},{"@type":"ImageObject","inLanguage":"de","@id":"https:\/\/lapalmastars.com\/de\/la-palma\/top-sehenswuerdigkeiten\/#primaryimage","url":"https:\/\/lapalmastars.com\/wp-content\/uploads\/2021\/06\/Landscape_night_photography_MilkyWay.jpg","contentUrl":"https:\/\/lapalmastars.com\/wp-content\/uploads\/2021\/06\/Landscape_night_photography_MilkyWay.jpg","width":1500,"height":1000,"caption":"Landscape night photography near Roque de Los Muchachos in La Palma"},{"@type":"BreadcrumbList","@id":"https:\/\/lapalmastars.com\/de\/la-palma\/top-sehenswuerdigkeiten\/#breadcrumb","itemListElement":[{"@type":"ListItem","position":1,"name":"Portada","item":"https:\/\/lapalmastars.com\/de\/"},{"@type":"ListItem","position":2,"name":"La Palma, Kanarische Inseln","item":"https:\/\/lapalmastars.com\/de\/la-palma\/"},{"@type":"ListItem","position":3,"name":"Top-Sehensw\u00fcrdigkeiten"}]},{"@type":"WebSite","@id":"https:\/\/lapalmastars.com\/#website","url":"https:\/\/lapalmastars.com\/","name":"La Palma Astronomy Tours","description":"AstroLaPalma, turismo de estrellas","publisher":{"@id":"https:\/\/lapalmastars.com\/#organization"},"potentialAction":[{"@type":"SearchAction","target":{"@type":"EntryPoint","urlTemplate":"https:\/\/lapalmastars.com\/?s={search_term_string}"},"query-input":{"@type":"PropertyValueSpecification","valueRequired":true,"valueName":"search_term_string"}}],"inLanguage":"de"},{"@type":"Organization","@id":"https:\/\/lapalmastars.com\/#organization","name":"La Palma Astronomy Tours","url":"https:\/\/lapalmastars.com\/","logo":{"@type":"ImageObject","inLanguage":"de","@id":"https:\/\/lapalmastars.com\/#\/schema\/logo\/image\/","url":"https:\/\/lapalmastars.com\/wp-content\/uploads\/2017\/03\/Logo.jpg","contentUrl":"https:\/\/lapalmastars.com\/wp-content\/uploads\/2017\/03\/Logo.jpg","width":193,"height":120,"caption":"La Palma Astronomy Tours"},"image":{"@id":"https:\/\/lapalmastars.com\/#\/schema\/logo\/image\/"},"sameAs":["https:\/\/www.facebook.com\/AstroLaPalma\/","https:\/\/x.com\/astrolapalma","https:\/\/www.instagram.com\/lapalmastars","https:\/\/www.youtube.com\/user\/astrolapalma"]}]}},"_links":{"self":[{"href":"https:\/\/lapalmastars.com\/de\/wp-json\/wp\/v2\/pages\/1344","targetHints":{"allow":["GET"]}}],"collection":[{"href":"https:\/\/lapalmastars.com\/de\/wp-json\/wp\/v2\/pages"}],"about":[{"href":"https:\/\/lapalmastars.com\/de\/wp-json\/wp\/v2\/types\/page"}],"author":[{"embeddable":true,"href":"https:\/\/lapalmastars.com\/de\/wp-json\/wp\/v2\/users\/1"}],"replies":[{"embeddable":true,"href":"https:\/\/lapalmastars.com\/de\/wp-json\/wp\/v2\/comments?post=1344"}],"version-history":[{"count":3,"href":"https:\/\/lapalmastars.com\/de\/wp-json\/wp\/v2\/pages\/1344\/revisions"}],"predecessor-version":[{"id":7146,"href":"https:\/\/lapalmastars.com\/de\/wp-json\/wp\/v2\/pages\/1344\/revisions\/7146"}],"up":[{"embeddable":true,"href":"https:\/\/lapalmastars.com\/de\/wp-json\/wp\/v2\/pages\/1308"}],"wp:featuredmedia":[{"embeddable":true,"href":"https:\/\/lapalmastars.com\/de\/wp-json\/wp\/v2\/media\/4498"}],"wp:attachment":[{"href":"https:\/\/lapalmastars.com\/de\/wp-json\/wp\/v2\/media?parent=1344"}],"curies":[{"name":"wp","href":"https:\/\/api.w.org\/{rel}","templated":true}]}}