{"id":1334,"date":"2017-03-27T15:22:25","date_gmt":"2017-03-27T15:22:25","guid":{"rendered":"https:\/\/lapalmastars.com\/de\/?page_id=1334"},"modified":"2026-03-27T13:27:44","modified_gmt":"2026-03-27T13:27:44","slug":"schritte-zur-buchung","status":"publish","type":"page","link":"https:\/\/lapalmastars.com\/de\/schritte-zur-buchung\/","title":{"rendered":"Schritte zur Buchung"},"content":{"rendered":"<p><strong><span style=\"font-size: 14pt;\">Schritte zur Buchung<\/span><\/strong><span style=\"font-weight: 400;\"> \u00a0\u00a0\u00a0\u00a0\u00a0\u00a0\u00a0<\/span><span style=\"font-weight: 400;\"><br \/>\n<\/span><span style=\"font-weight: 400;\">Die Schritte f\u00fcr Reservierungen sind:\u00a0<\/span><span style=\"font-weight: 400;\"><br \/>\n<\/span><\/p>\n<ol>\n<li><span style=\"font-weight: 400;\">Siehe verf\u00fcgbare Termine in gr\u00fcn sowie den Zeitplan unten im Kalender. W\u00e4hlen Sie je nach Verf\u00fcgbarkeit, Menge und Art. In dem Sie auf &#8222;Jetzt buchen\u201c klicken schlie\u00dfen Sie den Vorgang ab. Vermeiden Sie den Explorer-Browser, da es manchmal Probleme gibt und die freien Termine (in gr\u00fcn) nicht sichtbar sind.<\/span><\/li>\n<li><span style=\"font-weight: 400;\">Geben Sie die Daten der Teilnehmer und des K\u00e4ufers ein. Alle Felder sind Pflichtfelder mit Ausnahme von &#8222;Beobachtungen\u201c,hier k\u00f6nnen Sie, zum Beispiel, ein Ausweichdatum eingeben, f\u00fcr den Fall dass wir aus meteorologischen Gr\u00fcnden den Termin verschieben m\u00fcssen.<\/span><br \/>\nSollte es keine freien Pl\u00e4tze mehr geben, k\u00f6nnen Sie Ihren Namen und Kontakt auf eine Warteliste setzen, <a href=\"https:\/\/docs.google.com\/forms\/d\/e\/1FAIpQLSfQS083NuKANZFj1b1bB1rxJB0qIXP6U2v2gZc3wBl6FS-RmA\/viewform?usp=header\" target=\"_blank\" rel=\"noopener noreferrer\">hier<\/a>. Die Kontaktdaten sind besonders wichtig. Schlie\u00dflich klicken Sie auf <span style=\"font-weight: 400;\">\u201e<\/span><span style=\"font-weight: 400;\">weiter<\/span><span style=\"font-weight: 400;\">\u201c, nach dem lesen, <\/span><span style=\"font-weight: 400;\">um<\/span><span style=\"font-weight: 400;\"> die Nutzungsbedingungen f\u00fcr den Dienst zu akzeptieren.<\/span><\/li>\n<li><span style=\"font-weight: 400;\">Zahlungsart: Kreditkarte (sichere Zahlung). Bitte schlie\u00dfen Sie diese Seite erst, wenn Sie von uns eine E-Mail mit Ihren Tickets erhalten haben. Wenn Sie keine E-Mail mit Ihren Tickets erhalten, kann Ihre Reservierung nicht abgeschlossen werden. Bitte \u00fcberpr\u00fcfen Sie Ihren Spam-Ordner und auch Ihre Zahlung. HINWEIS: Wenn Sie Schwierigkeiten mit Ihrer Online-Zahlung haben, lesen Sie bitte\u00a0<a href=\"https:\/\/lapalmastars.com\/de\/faq\/probleme-online-zahlung\/\">hier<\/a>.<\/span><\/li>\n<li><span style=\"font-weight: 400;\">Schlie\u00dflich, stellen Sie sicher, dass Sie das Ticket \u00a0zum Zeitpunkt der Aktivit\u00e4t haben, drucken Sie Ihr Ticket oder die Nummer f\u00fcr Ihre Reservierung bitte aus.\u00a0<\/span><\/li>\n<\/ol>\n","protected":false},"excerpt":{"rendered":"<p>Schritte zur Buchung \u00a0\u00a0\u00a0\u00a0\u00a0\u00a0\u00a0 Die Schritte f\u00fcr Reservierungen sind:\u00a0 Siehe verf\u00fcgbare Termine in gr\u00fcn sowie den Zeitplan unten im Kalender. W\u00e4hlen Sie je nach Verf\u00fcgbarkeit, Menge und Art. In dem Sie auf &#8222;Jetzt buchen\u201c klicken<\/p>\n<div class=\"padding-top text-center\"><a href=\"https:\/\/lapalmastars.com\/de\/schritte-zur-buchung\/\" class=\"atbtn atbtn--medium atbtn--rounded atbtn--transparent\">leer m\u00e1s<i class=\"atbtn__icon atbtn__icon--right fa fa-long-arrow-right\"><\/i><\/a><\/div>\n","protected":false},"author":1,"featured_media":0,"parent":0,"menu_order":0,"comment_status":"closed","ping_status":"closed","template":"","meta":{"footnotes":""},"class_list":["post-1334","page","type-page","status-publish","hentry"],"yoast_head":"<!-- This site is optimized with the Yoast SEO Premium plugin v25.4 (Yoast SEO v26.6) - https:\/\/yoast.com\/wordpress\/plugins\/seo\/ -->\n<title>Schritte zur Buchung - AstroLaPalma<\/title>\n<meta name=\"description\" content=\"Schritte zur Buchung. Wie man bucht. Alles, was Sie wissen m\u00fcssen\" \/>\n<meta name=\"robots\" content=\"index, follow, max-snippet:-1, max-image-preview:large, max-video-preview:-1\" \/>\n<link rel=\"canonical\" href=\"https:\/\/lapalmastars.com\/de\/schritte-zur-buchung\/\" \/>\n<meta property=\"og:locale\" content=\"de_DE\" \/>\n<meta property=\"og:type\" content=\"article\" \/>\n<meta property=\"og:title\" content=\"Schritte zur Buchung\" \/>\n<meta property=\"og:description\" content=\"Schritte zur Buchung. Wie man bucht. Alles, was Sie wissen m\u00fcssen\" \/>\n<meta property=\"og:url\" content=\"https:\/\/lapalmastars.com\/de\/schritte-zur-buchung\/\" \/>\n<meta property=\"og:site_name\" content=\"AstroLaPalma\" \/>\n<meta property=\"article:publisher\" content=\"https:\/\/www.facebook.com\/AstroLaPalma\/\" \/>\n<meta property=\"article:modified_time\" content=\"2026-03-27T13:27:44+00:00\" \/>\n<meta name=\"twitter:card\" content=\"summary_large_image\" \/>\n<meta name=\"twitter:site\" content=\"@astrolapalma\" \/>\n<meta name=\"twitter:label1\" content=\"Gesch\u00e4tzte Lesezeit\" \/>\n\t<meta name=\"twitter:data1\" content=\"1\u00a0Minute\" \/>\n<script type=\"application\/ld+json\" class=\"yoast-schema-graph\">{\"@context\":\"https:\/\/schema.org\",\"@graph\":[{\"@type\":\"WebPage\",\"@id\":\"https:\/\/lapalmastars.com\/de\/schritte-zur-buchung\/\",\"url\":\"https:\/\/lapalmastars.com\/de\/schritte-zur-buchung\/\",\"name\":\"Schritte zur Buchung - AstroLaPalma\",\"isPartOf\":{\"@id\":\"https:\/\/lapalmastars.com\/#website\"},\"datePublished\":\"2017-03-27T15:22:25+00:00\",\"dateModified\":\"2026-03-27T13:27:44+00:00\",\"description\":\"Schritte zur Buchung. Wie man bucht. Alles, was Sie wissen m\u00fcssen\",\"breadcrumb\":{\"@id\":\"https:\/\/lapalmastars.com\/de\/schritte-zur-buchung\/#breadcrumb\"},\"inLanguage\":\"de\",\"potentialAction\":[{\"@type\":\"ReadAction\",\"target\":[\"https:\/\/lapalmastars.com\/de\/schritte-zur-buchung\/\"]}]},{\"@type\":\"BreadcrumbList\",\"@id\":\"https:\/\/lapalmastars.com\/de\/schritte-zur-buchung\/#breadcrumb\",\"itemListElement\":[{\"@type\":\"ListItem\",\"position\":1,\"name\":\"Portada\",\"item\":\"https:\/\/lapalmastars.com\/de\/\"},{\"@type\":\"ListItem\",\"position\":2,\"name\":\"Schritte zur Buchung\"}]},{\"@type\":\"WebSite\",\"@id\":\"https:\/\/lapalmastars.com\/#website\",\"url\":\"https:\/\/lapalmastars.com\/\",\"name\":\"La Palma Astronomy Tours\",\"description\":\"AstroLaPalma, turismo de estrellas\",\"publisher\":{\"@id\":\"https:\/\/lapalmastars.com\/#organization\"},\"potentialAction\":[{\"@type\":\"SearchAction\",\"target\":{\"@type\":\"EntryPoint\",\"urlTemplate\":\"https:\/\/lapalmastars.com\/?s={search_term_string}\"},\"query-input\":{\"@type\":\"PropertyValueSpecification\",\"valueRequired\":true,\"valueName\":\"search_term_string\"}}],\"inLanguage\":\"de\"},{\"@type\":\"Organization\",\"@id\":\"https:\/\/lapalmastars.com\/#organization\",\"name\":\"La Palma Astronomy Tours\",\"url\":\"https:\/\/lapalmastars.com\/\",\"logo\":{\"@type\":\"ImageObject\",\"inLanguage\":\"de\",\"@id\":\"https:\/\/lapalmastars.com\/#\/schema\/logo\/image\/\",\"url\":\"https:\/\/lapalmastars.com\/wp-content\/uploads\/2017\/03\/Logo.jpg\",\"contentUrl\":\"https:\/\/lapalmastars.com\/wp-content\/uploads\/2017\/03\/Logo.jpg\",\"width\":193,\"height\":120,\"caption\":\"La Palma Astronomy Tours\"},\"image\":{\"@id\":\"https:\/\/lapalmastars.com\/#\/schema\/logo\/image\/\"},\"sameAs\":[\"https:\/\/www.facebook.com\/AstroLaPalma\/\",\"https:\/\/x.com\/astrolapalma\",\"https:\/\/www.instagram.com\/lapalmastars\",\"https:\/\/www.youtube.com\/user\/astrolapalma\"]}]}<\/script>\n<!-- \/ Yoast SEO Premium plugin. -->","yoast_head_json":{"title":"Schritte zur Buchung - AstroLaPalma","description":"Schritte zur Buchung. Wie man bucht. Alles, was Sie wissen m\u00fcssen","robots":{"index":"index","follow":"follow","max-snippet":"max-snippet:-1","max-image-preview":"max-image-preview:large","max-video-preview":"max-video-preview:-1"},"canonical":"https:\/\/lapalmastars.com\/de\/schritte-zur-buchung\/","og_locale":"de_DE","og_type":"article","og_title":"Schritte zur Buchung","og_description":"Schritte zur Buchung. Wie man bucht. Alles, was Sie wissen m\u00fcssen","og_url":"https:\/\/lapalmastars.com\/de\/schritte-zur-buchung\/","og_site_name":"AstroLaPalma","article_publisher":"https:\/\/www.facebook.com\/AstroLaPalma\/","article_modified_time":"2026-03-27T13:27:44+00:00","twitter_card":"summary_large_image","twitter_site":"@astrolapalma","twitter_misc":{"Gesch\u00e4tzte Lesezeit":"1\u00a0Minute"},"schema":{"@context":"https:\/\/schema.org","@graph":[{"@type":"WebPage","@id":"https:\/\/lapalmastars.com\/de\/schritte-zur-buchung\/","url":"https:\/\/lapalmastars.com\/de\/schritte-zur-buchung\/","name":"Schritte zur Buchung - AstroLaPalma","isPartOf":{"@id":"https:\/\/lapalmastars.com\/#website"},"datePublished":"2017-03-27T15:22:25+00:00","dateModified":"2026-03-27T13:27:44+00:00","description":"Schritte zur Buchung. Wie man bucht. Alles, was Sie wissen m\u00fcssen","breadcrumb":{"@id":"https:\/\/lapalmastars.com\/de\/schritte-zur-buchung\/#breadcrumb"},"inLanguage":"de","potentialAction":[{"@type":"ReadAction","target":["https:\/\/lapalmastars.com\/de\/schritte-zur-buchung\/"]}]},{"@type":"BreadcrumbList","@id":"https:\/\/lapalmastars.com\/de\/schritte-zur-buchung\/#breadcrumb","itemListElement":[{"@type":"ListItem","position":1,"name":"Portada","item":"https:\/\/lapalmastars.com\/de\/"},{"@type":"ListItem","position":2,"name":"Schritte zur Buchung"}]},{"@type":"WebSite","@id":"https:\/\/lapalmastars.com\/#website","url":"https:\/\/lapalmastars.com\/","name":"La Palma Astronomy Tours","description":"AstroLaPalma, turismo de estrellas","publisher":{"@id":"https:\/\/lapalmastars.com\/#organization"},"potentialAction":[{"@type":"SearchAction","target":{"@type":"EntryPoint","urlTemplate":"https:\/\/lapalmastars.com\/?s={search_term_string}"},"query-input":{"@type":"PropertyValueSpecification","valueRequired":true,"valueName":"search_term_string"}}],"inLanguage":"de"},{"@type":"Organization","@id":"https:\/\/lapalmastars.com\/#organization","name":"La Palma Astronomy Tours","url":"https:\/\/lapalmastars.com\/","logo":{"@type":"ImageObject","inLanguage":"de","@id":"https:\/\/lapalmastars.com\/#\/schema\/logo\/image\/","url":"https:\/\/lapalmastars.com\/wp-content\/uploads\/2017\/03\/Logo.jpg","contentUrl":"https:\/\/lapalmastars.com\/wp-content\/uploads\/2017\/03\/Logo.jpg","width":193,"height":120,"caption":"La Palma Astronomy Tours"},"image":{"@id":"https:\/\/lapalmastars.com\/#\/schema\/logo\/image\/"},"sameAs":["https:\/\/www.facebook.com\/AstroLaPalma\/","https:\/\/x.com\/astrolapalma","https:\/\/www.instagram.com\/lapalmastars","https:\/\/www.youtube.com\/user\/astrolapalma"]}]}},"_links":{"self":[{"href":"https:\/\/lapalmastars.com\/de\/wp-json\/wp\/v2\/pages\/1334","targetHints":{"allow":["GET"]}}],"collection":[{"href":"https:\/\/lapalmastars.com\/de\/wp-json\/wp\/v2\/pages"}],"about":[{"href":"https:\/\/lapalmastars.com\/de\/wp-json\/wp\/v2\/types\/page"}],"author":[{"embeddable":true,"href":"https:\/\/lapalmastars.com\/de\/wp-json\/wp\/v2\/users\/1"}],"replies":[{"embeddable":true,"href":"https:\/\/lapalmastars.com\/de\/wp-json\/wp\/v2\/comments?post=1334"}],"version-history":[{"count":5,"href":"https:\/\/lapalmastars.com\/de\/wp-json\/wp\/v2\/pages\/1334\/revisions"}],"predecessor-version":[{"id":7050,"href":"https:\/\/lapalmastars.com\/de\/wp-json\/wp\/v2\/pages\/1334\/revisions\/7050"}],"wp:attachment":[{"href":"https:\/\/lapalmastars.com\/de\/wp-json\/wp\/v2\/media?parent=1334"}],"curies":[{"name":"wp","href":"https:\/\/api.w.org\/{rel}","templated":true}]}}