{"id":1329,"date":"2017-03-27T15:21:14","date_gmt":"2017-03-27T15:21:14","guid":{"rendered":"https:\/\/lapalmastars.com\/de\/?page_id=1329"},"modified":"2024-05-06T08:38:25","modified_gmt":"2024-05-06T08:38:25","slug":"ueber-uns","status":"publish","type":"page","link":"https:\/\/lapalmastars.com\/de\/ueber-uns\/","title":{"rendered":"\u00dcber uns"},"content":{"rendered":"<h1>\u00dcber uns. Team von LaPalmaStars und AstroLaPalma<\/h1>\n<p><b><i>LaPalmastars.com<\/i><\/b><i> ist das Markenzeichen und die Website von<\/i> <i>&#8222;<\/i><b><i>AstroLaPalma SLU<\/i><\/b><i>&#8222;<\/i>. Es ist ein Unternehmen, das sich dem Astrotourismus verschrieben hat und eine Vielzahl von Aktivit\u00e4ten und Erfahrungen im Zusammenhang mit Astronomie f\u00fcr Amateure, die breite \u00d6ffentlichkeit und Nachtfotografie bietet. \u00d6kotourismus &#8211; immer!<\/p>\n<p>Unser Team organisiert seit 2012 erfolgreich astronomische Touren auf La Palma, Kanarische Inseln. Das Team wird von der Astrophysikerin <strong>Ana Garc\u00eda Su\u00e1rez<\/strong> geleitet, die sich leidenschaftlich mit Astronomie besch\u00e4ftigt, und besteht aus erfahrenen Guides f\u00fcr regelm\u00e4\u00dfige Aktivit\u00e4ten und externen Experten f\u00fcr spezielle Aufgaben . Alle Teammitglieder verf\u00fcgen \u00fcber Erfahrung in den Bereichen astronomische Instrumentierung, \u00d6ffentlichkeitsarbeit, Lehre und Amateurastronomie. Diese Erfahrung wurde sowohl in Spanien als auch in anderen L\u00e4ndern gesammelt. Alle Teammitglieder sind von Starlight akkreditierte Guides.<\/p>\n<p>Wir sind sehr stolz auf unsere Entwicklung und wir sind uns dar\u00fcber im Klaren, dass die Qualit\u00e4t der erbrachten Dienstleistungen unsere Priorit\u00e4t ist. Hierf\u00fcr haben wir <b>seit 2013 j\u00e4hrliche \u201c<a href=\"https:\/\/www.tripadvisor.es\/Attraction_Review-g642213-d3737242-Reviews-Astro_La_Palma-Brena_Baja_La_Palma_Canary_Islands.html\">Certificates of Excellence auf Tripadvisor<\/a> (5 *)\u201d<\/b> unter dem bisherigen Namen <i>AstroLaPalma (2013, 2014, 2015, 2016, 2017, 2018, 2019, 2020 und 2021)<\/i>. Wir wurden als <strong><em>&#8222;Tripadvisor Travellers Choice 2020&#8220;<\/em><\/strong> ausgezeichnet, was eine gro\u00dfe Ehre ist. Wir haben dazu beigetragen, dass La Palma <b>das von der spanischen Regierung verliehene \u201eMerit Board f\u00fcr Tourismus f\u00fcr aufstrebende Reiseziele\u201c (2015) und den Fitur-Preis f\u00fcr die beste nationale aktive Freizeitoption 2018 erhalten hat. <\/b>Seit Juli 2019 geh\u00f6ren wir zum <b>Tourist Product Club des Biosph\u00e4renreservats La Palma, <\/b>das das Unternehmen f\u00fcr die F\u00f6rderung des Erhaltes des Naturerbes im Hinblick auf eine nachhaltige Entwicklung auszeichnet<b>.<br \/>\n<\/b><\/p>\n<p>Der Vulkanausbruch haben unser Leben und unsere Arbeit in den letzten 2 Jahren sehr erschwert. Zweifellos wird 2022 das Jahr der Erholung sein!<\/p>\n<figure id=\"attachment_2558\" aria-describedby=\"caption-attachment-2558\" style=\"width: 300px\" class=\"wp-caption alignleft\"><img decoding=\"async\" class=\"size-medium wp-image-2558\" src=\"https:\/\/lapalmastars.com\/wp-content\/uploads\/2018\/06\/lapalmastars-astroturismo-canarias-300x225.jpg\" alt=\"National Fitur Award 2018\" width=\"300\" height=\"225\" srcset=\"https:\/\/lapalmastars.com\/wp-content\/uploads\/2018\/06\/lapalmastars-astroturismo-canarias-300x225.jpg 300w, https:\/\/lapalmastars.com\/wp-content\/uploads\/2018\/06\/lapalmastars-astroturismo-canarias-768x576.jpg 768w, https:\/\/lapalmastars.com\/wp-content\/uploads\/2018\/06\/lapalmastars-astroturismo-canarias-1024x768.jpg 1024w, https:\/\/lapalmastars.com\/wp-content\/uploads\/2018\/06\/lapalmastars-astroturismo-canarias-600x450.jpg 600w, https:\/\/lapalmastars.com\/wp-content\/uploads\/2018\/06\/lapalmastars-astroturismo-canarias.jpg 1599w\" sizes=\"(max-width: 300px) 100vw, 300px\" \/><figcaption id=\"caption-attachment-2558\" class=\"wp-caption-text\">National Fitur Award 2018<\/figcaption><\/figure>\n<figure id=\"attachment_2604\" aria-describedby=\"caption-attachment-2604\" style=\"width: 300px\" class=\"wp-caption alignnone\"><img decoding=\"async\" class=\"size-medium wp-image-2604\" src=\"https:\/\/lapalmastars.com\/wp-content\/uploads\/2018\/12\/equipo_tripadvisor-300x225.jpeg\" alt=\"Guides at LaPalmastars. Tripadvisor Excellent certificates\" width=\"300\" height=\"225\" srcset=\"https:\/\/lapalmastars.com\/wp-content\/uploads\/2018\/12\/equipo_tripadvisor-300x225.jpeg 300w, https:\/\/lapalmastars.com\/wp-content\/uploads\/2018\/12\/equipo_tripadvisor-768x576.jpeg 768w, https:\/\/lapalmastars.com\/wp-content\/uploads\/2018\/12\/equipo_tripadvisor-1024x768.jpeg 1024w, https:\/\/lapalmastars.com\/wp-content\/uploads\/2018\/12\/equipo_tripadvisor-600x450.jpeg 600w, https:\/\/lapalmastars.com\/wp-content\/uploads\/2018\/12\/equipo_tripadvisor.jpeg 1599w\" sizes=\"(max-width: 300px) 100vw, 300px\" \/><figcaption id=\"caption-attachment-2604\" class=\"wp-caption-text\">Guides bei LaPalmastars. Tripadvisor Zertifikate<\/figcaption><\/figure>\n<h2><\/h2>\n<h2>Team von LaPalmaStars und AstroLaPalma SLU<\/h2>\n<p><b>Ana Garc\u00eda<\/b> ist Gr\u00fcnderin von AstroLaPalma SL und LaPalmaStars.com, der gr\u00f6\u00dften Firma f\u00fcr AstroTurismo in La Palma. Sie ist ein Astrophysikerin mit einem Doktortitel in Naturwissenschaften. Sie ist Mitglied der Gruppe der \u201cAstrotourismo Entrepreneurs\u201d und des \u201cAstrotourismo Board of La Palma\u201d. Gr\u00fcnder der Advanced Night Photography Kurse \u201cAstroMaster La Palma\u201d; Seit 2013 ist sie Mitarbeiterin von AstroCamp Ventures SL und leitet Besuche im Observatorium von Roque de Los Muchachos. Sie war auch eine Organisatorin des AstroFest La Palma in den Jahren 2015, 2018 und 2020. Ana Garc\u00eda wurde mehrfach in europ\u00e4ischen Presse und Tourismusmagazinen erw\u00e4hnt. Ana Garc\u00eda wurde 2017 auf der Insel La Palma mit dem Preis \u201eFrauen mit einem Stern\u201c ausgezeichnet. Ana Garcia ver\u00f6ffentlicht regelm\u00e4\u00dfig in der Zeitung eldiario.es unter: <a href=\"https:\/\/www.eldiario.es\/autores\/ana-garcia\/\">https:\/\/www.eldiario.es\/autores\/ana-garcia\/<\/a><\/p>\n<p><i>\u00a0\u00a0\u00abIch schaue jede Nacht in den Himmel, auch wenn es bew\u00f6lkt ist, seit ich mich erinnern kann. Ich liebe es zu leben, die Gelegenheit zu haben, diese Leidenschaft f\u00fcr die Sterne zu vermitteln und mein Ziel ist es immer, jemanden &#8222;bekehren&#8220;. So dass ab diesem Tag auch er in den Himmel schaut, auch wenn es bew\u00f6lkt ist \u00bb.<\/i><\/p>\n<p><b>Candy Bethencourt, <\/b>Starlight Guide. Astronomin <i>Seit Mai 2015.<\/i><\/p>\n<p>\u201e<i>Was mir an dieser Arbeit neben den Sternen so gut gef\u00e4llt, ist, dass ich den Menschen das Wissen \u00fcber das Universum vermitteln kann. Ich bin erstaunt, jeden Tag mehr zu lernen und zu sehen, was dies bei Menschen bewirkt. Es ist wirklich ein einzigartiges Erlebnis. \u201c<\/i><\/p>\n<p><b>Bianca Welsch,<\/b> Bachelor of Humanities. Master in Kulturmanagement. Starlight Guide. Offizieller Tourismusf\u00fchrer. <i>Seit Juli 2018.<\/i><\/p>\n<p><i>\u00a0\u00a0\u00a0\u201eF\u00fcr mich ist die Arbeit in der Astronomie und ihre Verbreitung ein unverzichtbares und romantisches Konzept f\u00fcr das st\u00e4ndige Studium von Mensch und Wissenschaft. Jede Nacht wird die Arbeit zu einer magischen Herausforderung, bei der es darum geht, die immaterielle Welt des Universums durch Verstehen und Beobachten zum Wahrnehmbaren zu bringen.<\/i><\/p>\n<figure id=\"attachment_2934\" aria-describedby=\"caption-attachment-2934\" style=\"width: 225px\" class=\"wp-caption alignleft\"><img decoding=\"async\" class=\"wp-image-2934\" src=\"https:\/\/lapalmastars.com\/wp-content\/uploads\/2019\/07\/IMG-20190520-WA0010-300x225.jpg\" alt=\"Team at the LaPalmastars office\" width=\"225\" height=\"169\" srcset=\"https:\/\/lapalmastars.com\/wp-content\/uploads\/2019\/07\/IMG-20190520-WA0010-300x225.jpg 300w, https:\/\/lapalmastars.com\/wp-content\/uploads\/2019\/07\/IMG-20190520-WA0010-768x577.jpg 768w, https:\/\/lapalmastars.com\/wp-content\/uploads\/2019\/07\/IMG-20190520-WA0010.jpg 1024w, https:\/\/lapalmastars.com\/wp-content\/uploads\/2019\/07\/IMG-20190520-WA0010-600x451.jpg 600w\" sizes=\"(max-width: 225px) 100vw, 225px\" \/><figcaption id=\"caption-attachment-2934\" class=\"wp-caption-text\">Team at the LaPalmastars office<\/figcaption><\/figure>\n<figure id=\"attachment_2931\" aria-describedby=\"caption-attachment-2931\" style=\"width: 225px\" class=\"wp-caption alignleft\"><img decoding=\"async\" class=\"wp-image-2931\" src=\"https:\/\/lapalmastars.com\/wp-content\/uploads\/2019\/07\/IMG-20190510-WA0037-300x225.jpg\" alt=\"Celebrating our 7th anniversary\" width=\"225\" height=\"169\" srcset=\"https:\/\/lapalmastars.com\/wp-content\/uploads\/2019\/07\/IMG-20190510-WA0037-300x225.jpg 300w, https:\/\/lapalmastars.com\/wp-content\/uploads\/2019\/07\/IMG-20190510-WA0037-768x576.jpg 768w, https:\/\/lapalmastars.com\/wp-content\/uploads\/2019\/07\/IMG-20190510-WA0037-1024x768.jpg 1024w, https:\/\/lapalmastars.com\/wp-content\/uploads\/2019\/07\/IMG-20190510-WA0037-600x450.jpg 600w, https:\/\/lapalmastars.com\/wp-content\/uploads\/2019\/07\/IMG-20190510-WA0037.jpg 1600w\" sizes=\"(max-width: 225px) 100vw, 225px\" \/><figcaption id=\"caption-attachment-2931\" class=\"wp-caption-text\">Celebrating our 7th anniversary<\/figcaption><\/figure>\n<figure id=\"attachment_2928\" aria-describedby=\"caption-attachment-2928\" style=\"width: 225px\" class=\"wp-caption alignnone\"><img decoding=\"async\" class=\"wp-image-2928\" src=\"https:\/\/lapalmastars.com\/wp-content\/uploads\/2019\/07\/IMG-20190409-WA0071-300x225.jpg\" alt=\"Visiting GTC telescope. LaPalmastars team\" width=\"225\" height=\"169\" srcset=\"https:\/\/lapalmastars.com\/wp-content\/uploads\/2019\/07\/IMG-20190409-WA0071-300x225.jpg 300w, https:\/\/lapalmastars.com\/wp-content\/uploads\/2019\/07\/IMG-20190409-WA0071-768x577.jpg 768w, https:\/\/lapalmastars.com\/wp-content\/uploads\/2019\/07\/IMG-20190409-WA0071-1024x769.jpg 1024w, https:\/\/lapalmastars.com\/wp-content\/uploads\/2019\/07\/IMG-20190409-WA0071-600x451.jpg 600w, https:\/\/lapalmastars.com\/wp-content\/uploads\/2019\/07\/IMG-20190409-WA0071.jpg 1600w\" sizes=\"(max-width: 225px) 100vw, 225px\" \/><figcaption id=\"caption-attachment-2928\" class=\"wp-caption-text\">Visiting GTC telescope. LaPalmastars team<\/figcaption><\/figure>\n<h3><a href=\"https:\/\/lapalmastars.com\/de\/foto-galerie\/\">Foto Galerie<\/a><\/h3>\n<h3>Gelegentliche Mitarbeiter:<\/h3>\n<p><b>Petra Berendsen. <\/b>Ingenieur Seit Juni 2016.<\/p>\n<p><i>\u00a0\u00a0\u00a0\u201eWenn ich mit meinen eigenen Augen oder mit einem Teleskop in den Himmel schaue, kann ich den magischen Raum in all seiner Weite und Dimension von Nebeln, Galaxien und Sternen erkunden. Es ist faszinierend, vor allem, wenn Sie das, was Sie lernen, mit anderen Menschen teilen und sie dazu bringen k\u00f6nnen, es selbst zu entdecken. \u201c<\/i><\/p>\n","protected":false},"excerpt":{"rendered":"<p>\u00dcber uns. Team von LaPalmaStars und AstroLaPalma LaPalmastars.com ist das Markenzeichen und die Website von &#8222;AstroLaPalma SLU&#8222;. Es ist ein Unternehmen, das sich dem Astrotourismus verschrieben hat und eine Vielzahl von Aktivit\u00e4ten und Erfahrungen im<\/p>\n<div class=\"padding-top text-center\"><a href=\"https:\/\/lapalmastars.com\/de\/ueber-uns\/\" class=\"atbtn atbtn--medium atbtn--rounded atbtn--transparent\">leer m\u00e1s<i class=\"atbtn__icon atbtn__icon--right fa fa-long-arrow-right\"><\/i><\/a><\/div>\n","protected":false},"author":1,"featured_media":0,"parent":0,"menu_order":0,"comment_status":"closed","ping_status":"closed","template":"","meta":{"footnotes":""},"class_list":["post-1329","page","type-page","status-publish","hentry"],"yoast_head":"<!-- This site is optimized with the Yoast SEO Premium plugin v25.4 (Yoast SEO v26.6) - https:\/\/yoast.com\/wordpress\/plugins\/seo\/ -->\n<title>\u00dcber uns - AstroLaPalma<\/title>\n<meta name=\"description\" content=\"\u00dcber uns. Team von Astronomen in AStroLaPalma und La Palmastars. Bekenntnis zu Qualit\u00e4t und \u00d6kotourismus.\" \/>\n<meta name=\"robots\" content=\"index, follow, max-snippet:-1, max-image-preview:large, max-video-preview:-1\" \/>\n<link rel=\"canonical\" href=\"https:\/\/lapalmastars.com\/quienes-somos\/\" \/>\n<meta property=\"og:locale\" content=\"de_DE\" \/>\n<meta property=\"og:type\" content=\"article\" \/>\n<meta property=\"og:title\" content=\"\u00dcber uns\" \/>\n<meta property=\"og:description\" content=\"\u00dcber uns. Team von Astronomen in AStroLaPalma und La Palmastars. Bekenntnis zu Qualit\u00e4t und \u00d6kotourismus.\" \/>\n<meta property=\"og:url\" content=\"https:\/\/lapalmastars.com\/quienes-somos\/\" \/>\n<meta property=\"og:site_name\" content=\"AstroLaPalma\" \/>\n<meta property=\"article:publisher\" content=\"https:\/\/www.facebook.com\/AstroLaPalma\/\" \/>\n<meta property=\"article:modified_time\" content=\"2024-05-06T08:38:25+00:00\" \/>\n<meta property=\"og:image\" content=\"https:\/\/lapalmastars.com\/wp-content\/uploads\/2018\/06\/lapalmastars-astroturismo-canarias-300x225.jpg\" \/>\n<meta name=\"twitter:card\" content=\"summary_large_image\" \/>\n<meta name=\"twitter:site\" content=\"@astrolapalma\" \/>\n<meta name=\"twitter:label1\" content=\"Gesch\u00e4tzte Lesezeit\" \/>\n\t<meta name=\"twitter:data1\" content=\"5\u00a0Minuten\" \/>\n<script type=\"application\/ld+json\" class=\"yoast-schema-graph\">{\"@context\":\"https:\/\/schema.org\",\"@graph\":[{\"@type\":\"WebPage\",\"@id\":\"https:\/\/lapalmastars.com\/quienes-somos\/\",\"url\":\"https:\/\/lapalmastars.com\/quienes-somos\/\",\"name\":\"\u00dcber uns - AstroLaPalma\",\"isPartOf\":{\"@id\":\"https:\/\/lapalmastars.com\/#website\"},\"primaryImageOfPage\":{\"@id\":\"https:\/\/lapalmastars.com\/quienes-somos\/#primaryimage\"},\"image\":{\"@id\":\"https:\/\/lapalmastars.com\/quienes-somos\/#primaryimage\"},\"thumbnailUrl\":\"https:\/\/lapalmastars.com\/wp-content\/uploads\/2018\/06\/lapalmastars-astroturismo-canarias-300x225.jpg\",\"datePublished\":\"2017-03-27T15:21:14+00:00\",\"dateModified\":\"2024-05-06T08:38:25+00:00\",\"description\":\"\u00dcber uns. Team von Astronomen in AStroLaPalma und La Palmastars. Bekenntnis zu Qualit\u00e4t und \u00d6kotourismus.\",\"breadcrumb\":{\"@id\":\"https:\/\/lapalmastars.com\/quienes-somos\/#breadcrumb\"},\"inLanguage\":\"de\",\"potentialAction\":[{\"@type\":\"ReadAction\",\"target\":[\"https:\/\/lapalmastars.com\/quienes-somos\/\"]}]},{\"@type\":\"ImageObject\",\"inLanguage\":\"de\",\"@id\":\"https:\/\/lapalmastars.com\/quienes-somos\/#primaryimage\",\"url\":\"https:\/\/lapalmastars.com\/wp-content\/uploads\/2018\/06\/lapalmastars-astroturismo-canarias-300x225.jpg\",\"contentUrl\":\"https:\/\/lapalmastars.com\/wp-content\/uploads\/2018\/06\/lapalmastars-astroturismo-canarias-300x225.jpg\"},{\"@type\":\"BreadcrumbList\",\"@id\":\"https:\/\/lapalmastars.com\/quienes-somos\/#breadcrumb\",\"itemListElement\":[{\"@type\":\"ListItem\",\"position\":1,\"name\":\"Portada\",\"item\":\"https:\/\/lapalmastars.com\/de\/\"},{\"@type\":\"ListItem\",\"position\":2,\"name\":\"\u00dcber uns\"}]},{\"@type\":\"WebSite\",\"@id\":\"https:\/\/lapalmastars.com\/#website\",\"url\":\"https:\/\/lapalmastars.com\/\",\"name\":\"La Palma Astronomy Tours\",\"description\":\"AstroLaPalma, turismo de estrellas\",\"publisher\":{\"@id\":\"https:\/\/lapalmastars.com\/#organization\"},\"potentialAction\":[{\"@type\":\"SearchAction\",\"target\":{\"@type\":\"EntryPoint\",\"urlTemplate\":\"https:\/\/lapalmastars.com\/?s={search_term_string}\"},\"query-input\":{\"@type\":\"PropertyValueSpecification\",\"valueRequired\":true,\"valueName\":\"search_term_string\"}}],\"inLanguage\":\"de\"},{\"@type\":\"Organization\",\"@id\":\"https:\/\/lapalmastars.com\/#organization\",\"name\":\"La Palma Astronomy Tours\",\"url\":\"https:\/\/lapalmastars.com\/\",\"logo\":{\"@type\":\"ImageObject\",\"inLanguage\":\"de\",\"@id\":\"https:\/\/lapalmastars.com\/#\/schema\/logo\/image\/\",\"url\":\"https:\/\/lapalmastars.com\/wp-content\/uploads\/2017\/03\/Logo.jpg\",\"contentUrl\":\"https:\/\/lapalmastars.com\/wp-content\/uploads\/2017\/03\/Logo.jpg\",\"width\":193,\"height\":120,\"caption\":\"La Palma Astronomy Tours\"},\"image\":{\"@id\":\"https:\/\/lapalmastars.com\/#\/schema\/logo\/image\/\"},\"sameAs\":[\"https:\/\/www.facebook.com\/AstroLaPalma\/\",\"https:\/\/x.com\/astrolapalma\",\"https:\/\/www.instagram.com\/lapalmastars\",\"https:\/\/www.youtube.com\/user\/astrolapalma\"]}]}<\/script>\n<!-- \/ Yoast SEO Premium plugin. -->","yoast_head_json":{"title":"\u00dcber uns - AstroLaPalma","description":"\u00dcber uns. Team von Astronomen in AStroLaPalma und La Palmastars. Bekenntnis zu Qualit\u00e4t und \u00d6kotourismus.","robots":{"index":"index","follow":"follow","max-snippet":"max-snippet:-1","max-image-preview":"max-image-preview:large","max-video-preview":"max-video-preview:-1"},"canonical":"https:\/\/lapalmastars.com\/quienes-somos\/","og_locale":"de_DE","og_type":"article","og_title":"\u00dcber uns","og_description":"\u00dcber uns. Team von Astronomen in AStroLaPalma und La Palmastars. Bekenntnis zu Qualit\u00e4t und \u00d6kotourismus.","og_url":"https:\/\/lapalmastars.com\/quienes-somos\/","og_site_name":"AstroLaPalma","article_publisher":"https:\/\/www.facebook.com\/AstroLaPalma\/","article_modified_time":"2024-05-06T08:38:25+00:00","og_image":[{"url":"https:\/\/lapalmastars.com\/wp-content\/uploads\/2018\/06\/lapalmastars-astroturismo-canarias-300x225.jpg","type":"","width":"","height":""}],"twitter_card":"summary_large_image","twitter_site":"@astrolapalma","twitter_misc":{"Gesch\u00e4tzte Lesezeit":"5\u00a0Minuten"},"schema":{"@context":"https:\/\/schema.org","@graph":[{"@type":"WebPage","@id":"https:\/\/lapalmastars.com\/quienes-somos\/","url":"https:\/\/lapalmastars.com\/quienes-somos\/","name":"\u00dcber uns - AstroLaPalma","isPartOf":{"@id":"https:\/\/lapalmastars.com\/#website"},"primaryImageOfPage":{"@id":"https:\/\/lapalmastars.com\/quienes-somos\/#primaryimage"},"image":{"@id":"https:\/\/lapalmastars.com\/quienes-somos\/#primaryimage"},"thumbnailUrl":"https:\/\/lapalmastars.com\/wp-content\/uploads\/2018\/06\/lapalmastars-astroturismo-canarias-300x225.jpg","datePublished":"2017-03-27T15:21:14+00:00","dateModified":"2024-05-06T08:38:25+00:00","description":"\u00dcber uns. Team von Astronomen in AStroLaPalma und La Palmastars. Bekenntnis zu Qualit\u00e4t und \u00d6kotourismus.","breadcrumb":{"@id":"https:\/\/lapalmastars.com\/quienes-somos\/#breadcrumb"},"inLanguage":"de","potentialAction":[{"@type":"ReadAction","target":["https:\/\/lapalmastars.com\/quienes-somos\/"]}]},{"@type":"ImageObject","inLanguage":"de","@id":"https:\/\/lapalmastars.com\/quienes-somos\/#primaryimage","url":"https:\/\/lapalmastars.com\/wp-content\/uploads\/2018\/06\/lapalmastars-astroturismo-canarias-300x225.jpg","contentUrl":"https:\/\/lapalmastars.com\/wp-content\/uploads\/2018\/06\/lapalmastars-astroturismo-canarias-300x225.jpg"},{"@type":"BreadcrumbList","@id":"https:\/\/lapalmastars.com\/quienes-somos\/#breadcrumb","itemListElement":[{"@type":"ListItem","position":1,"name":"Portada","item":"https:\/\/lapalmastars.com\/de\/"},{"@type":"ListItem","position":2,"name":"\u00dcber uns"}]},{"@type":"WebSite","@id":"https:\/\/lapalmastars.com\/#website","url":"https:\/\/lapalmastars.com\/","name":"La Palma Astronomy Tours","description":"AstroLaPalma, turismo de estrellas","publisher":{"@id":"https:\/\/lapalmastars.com\/#organization"},"potentialAction":[{"@type":"SearchAction","target":{"@type":"EntryPoint","urlTemplate":"https:\/\/lapalmastars.com\/?s={search_term_string}"},"query-input":{"@type":"PropertyValueSpecification","valueRequired":true,"valueName":"search_term_string"}}],"inLanguage":"de"},{"@type":"Organization","@id":"https:\/\/lapalmastars.com\/#organization","name":"La Palma Astronomy Tours","url":"https:\/\/lapalmastars.com\/","logo":{"@type":"ImageObject","inLanguage":"de","@id":"https:\/\/lapalmastars.com\/#\/schema\/logo\/image\/","url":"https:\/\/lapalmastars.com\/wp-content\/uploads\/2017\/03\/Logo.jpg","contentUrl":"https:\/\/lapalmastars.com\/wp-content\/uploads\/2017\/03\/Logo.jpg","width":193,"height":120,"caption":"La Palma Astronomy Tours"},"image":{"@id":"https:\/\/lapalmastars.com\/#\/schema\/logo\/image\/"},"sameAs":["https:\/\/www.facebook.com\/AstroLaPalma\/","https:\/\/x.com\/astrolapalma","https:\/\/www.instagram.com\/lapalmastars","https:\/\/www.youtube.com\/user\/astrolapalma"]}]}},"_links":{"self":[{"href":"https:\/\/lapalmastars.com\/de\/wp-json\/wp\/v2\/pages\/1329","targetHints":{"allow":["GET"]}}],"collection":[{"href":"https:\/\/lapalmastars.com\/de\/wp-json\/wp\/v2\/pages"}],"about":[{"href":"https:\/\/lapalmastars.com\/de\/wp-json\/wp\/v2\/types\/page"}],"author":[{"embeddable":true,"href":"https:\/\/lapalmastars.com\/de\/wp-json\/wp\/v2\/users\/1"}],"replies":[{"embeddable":true,"href":"https:\/\/lapalmastars.com\/de\/wp-json\/wp\/v2\/comments?post=1329"}],"version-history":[{"count":8,"href":"https:\/\/lapalmastars.com\/de\/wp-json\/wp\/v2\/pages\/1329\/revisions"}],"predecessor-version":[{"id":5521,"href":"https:\/\/lapalmastars.com\/de\/wp-json\/wp\/v2\/pages\/1329\/revisions\/5521"}],"wp:attachment":[{"href":"https:\/\/lapalmastars.com\/de\/wp-json\/wp\/v2\/media?parent=1329"}],"curies":[{"name":"wp","href":"https:\/\/api.w.org\/{rel}","templated":true}]}}