{"id":1308,"date":"2017-03-24T10:18:46","date_gmt":"2017-03-24T10:18:46","guid":{"rendered":"https:\/\/lapalmastars.com\/de\/la-palma\/"},"modified":"2024-03-20T10:04:22","modified_gmt":"2024-03-20T10:04:22","slug":"la-palma","status":"publish","type":"page","link":"https:\/\/lapalmastars.com\/de\/la-palma\/","title":{"rendered":"La Palma, Kanarische Inseln"},"content":{"rendered":"<div class=\"wpb-content-wrapper\"><p>[vc_row][vc_column][vc_column_text]La Palma ist eine Insel des Atlantischen Archipels der Kanarischen Inseln (Spanien). Vulkanischen Ursprungs und mit einer Vielzahl von Landschaften, ist La Palma eine sehr wechselreiche Insel. In der Tat ist es eine der steilsten Inseln auf der Erde mit reichlich Vegetation durch ein nasses und k\u00fchles Wetter, gleichzeitig kann man aber auch an Wundersch\u00f6nen Str\u00e4nden entspannen und das Trockene Warme Wetter der Westseite genie\u00dfen. Seine Berge sind mit kanarischen Kiefern und Lorbeerb\u00e4umen bewachsen und an der K\u00fcste mit zahlreichen Palmen. Viele betrachten die Insel als einen kleinen Kontinent.<\/p>\n<p>Im Jahr 2002 wurde die gesamte Insel La Palma von der UNESCO zum &#8222;Biosph\u00e4renreservat der Welt&#8220; erkl\u00e4rt. Im Jahr 2006 wurde La Palma zum ersten Platz in der Welt, um ein &#8222;Sustainable Tourism Destination&#8220; zu erkl\u00e4ren.<\/p>\n<p>Die au\u00dfergew\u00f6hnliche Qualit\u00e4t des Nachthimmels der Insel, die durch ein spezielles &#8222;Sky Law&#8220;, das zur Minimierung der Lichtverschmutzung entwickelt wurde, weiter gesch\u00fctzt ist, ist der Hauptgrund, warum eines der besten professionellen Observatorien der Welt auf der Insel liegt. La Palma, das erste Starlight Reserve auf der Erde (UNESCO), hat sich zu einem der Premium-Astronomie-Standorte auf der Erde f\u00fcr Profis und Amateure entwickelt.[\/vc_column_text][\/vc_column][\/vc_row][vc_row][vc_column width=&#8220;2\/3&#8243;][vc_column_text]<\/p>\n<p class=\"p1\">Sehensw\u00fcrdigkeiten auf La Palma sind:<\/p>\n<ul>\n<li>Der National Park \u201c<strong>Caldera de Taburiente<\/strong>\u201d, mit seinem 8 km breiten Krater. Dieser Park hat eine sehr reichhaltige Landschaft und ist botanisch spektakul\u00e4r.<\/li>\n<li><strong>Der M\u00e4rchenwald von los Tilos<\/strong>, liegt in einem engen Tal. Er hat die gr\u00f6\u00dften Wasserressourcen der Insel. Es war das erste Gebiet der Insel, das durch das Biosph\u00e4renreservat gesch\u00fctzt wurde.<\/li>\n<li><strong>Santa Cruz de la Palma<\/strong>, Hauptstadt der Insel. Urspr\u00fcnglich war es ein Fischerdorf mit sch\u00f6nen H\u00e4usern aus dem XVI Jahrhundert.<\/li>\n<li>Die <strong>Cumbre Vieja<\/strong> bezeichnet eine Reihe von Vulkanen, die einen Grat von der Mitte zum S\u00fcden der Insel bilden. Unter ihnen sind die Vulkane San Antonio, San Juan und Tenegu\u00eda (Tenegu\u00eda ist der letzte Vulkanausbruch in Spanien, 1971).<\/li>\n<li>La Palmas l\u00e4ndliche und ruhige Atmosph\u00e4re, seine Natur, vielf\u00e4ltige Kulisse und Landschaften bieten ein Netz aus Wanderwege, die die Insel zum Paradies f\u00fcr Wanderer machen.<\/li>\n<li>Das Observatorium vom El Roque de Los Muchachos, ist eines der besten Observatorien der Welt. Der Besuch der Teleskope am Observatorium ist m\u00f6glich. Reservierung im Voraus sind jedoch erforderlich. Klicken Sie hier f\u00fcr weitere Infos.<\/li>\n<\/ul>\n<p>[\/vc_column_text][\/vc_column][vc_column width=&#8220;1\/3&#8243;][vc_video link=&#8220;https:\/\/vimeo.com\/53845425&#8243; align=&#8220;right&#8220;][vc_empty_space height=&#8220;15px&#8220;][vc_video link=&#8220;https:\/\/youtu.be\/C-y-iepHXVg?list=FL548JwhqJ45jiptTfnOK8bA&#8220; align=&#8220;right&#8220;][vc_empty_space height=&#8220;15px&#8220;][vc_video link=&#8220;https:\/\/youtu.be\/VS4dRiWmQjo?list=FL548JwhqJ45jiptTfnOK8bA&#8220; align=&#8220;right&#8220;][\/vc_column][\/vc_row]<\/p>\n<\/div>","protected":false},"excerpt":{"rendered":"<p>[vc_row][vc_column][vc_column_text]La Palma ist eine Insel des Atlantischen Archipels der Kanarischen Inseln (Spanien). Vulkanischen Ursprungs und mit einer Vielzahl von Landschaften, ist La Palma eine sehr wechselreiche Insel. In der Tat ist es eine der steilsten<\/p>\n<div class=\"padding-top text-center\"><a href=\"https:\/\/lapalmastars.com\/de\/la-palma\/\" class=\"atbtn atbtn--medium atbtn--rounded atbtn--transparent\">leer m\u00e1s<i class=\"atbtn__icon atbtn__icon--right fa fa-long-arrow-right\"><\/i><\/a><\/div>\n","protected":false},"author":1,"featured_media":0,"parent":0,"menu_order":0,"comment_status":"closed","ping_status":"closed","template":"","meta":{"footnotes":""},"class_list":["post-1308","page","type-page","status-publish","hentry"],"yoast_head":"<!-- This site is optimized with the Yoast SEO Premium plugin v25.4 (Yoast SEO v26.6) - https:\/\/yoast.com\/wordpress\/plugins\/seo\/ -->\n<title>La Palma, Kanarische Inseln - AstroLaPalma<\/title>\n<meta name=\"robots\" content=\"index, follow, max-snippet:-1, max-image-preview:large, max-video-preview:-1\" \/>\n<link rel=\"canonical\" href=\"https:\/\/lapalmastars.com\/de\/la-palma\/\" \/>\n<meta property=\"og:locale\" content=\"de_DE\" \/>\n<meta property=\"og:type\" content=\"article\" \/>\n<meta property=\"og:title\" content=\"La Palma, Kanarische Inseln\" \/>\n<meta property=\"og:description\" content=\"[vc_row][vc_column][vc_column_text]La Palma ist eine Insel des Atlantischen Archipels der Kanarischen Inseln (Spanien). Vulkanischen Ursprungs und mit einer Vielzahl von Landschaften, ist La Palma eine sehr wechselreiche Insel. In der Tat ist es eine der steilstenleer m\u00e1s\" \/>\n<meta property=\"og:url\" content=\"https:\/\/lapalmastars.com\/de\/la-palma\/\" \/>\n<meta property=\"og:site_name\" content=\"AstroLaPalma\" \/>\n<meta property=\"article:publisher\" content=\"https:\/\/www.facebook.com\/AstroLaPalma\/\" \/>\n<meta property=\"article:modified_time\" content=\"2024-03-20T10:04:22+00:00\" \/>\n<meta name=\"twitter:card\" content=\"summary_large_image\" \/>\n<meta name=\"twitter:site\" content=\"@astrolapalma\" \/>\n<meta name=\"twitter:label1\" content=\"Gesch\u00e4tzte Lesezeit\" \/>\n\t<meta name=\"twitter:data1\" content=\"2\u00a0Minuten\" \/>\n<script type=\"application\/ld+json\" class=\"yoast-schema-graph\">{\"@context\":\"https:\/\/schema.org\",\"@graph\":[{\"@type\":\"WebPage\",\"@id\":\"https:\/\/lapalmastars.com\/de\/la-palma\/\",\"url\":\"https:\/\/lapalmastars.com\/de\/la-palma\/\",\"name\":\"La Palma, Kanarische Inseln - AstroLaPalma\",\"isPartOf\":{\"@id\":\"https:\/\/lapalmastars.com\/#website\"},\"datePublished\":\"2017-03-24T10:18:46+00:00\",\"dateModified\":\"2024-03-20T10:04:22+00:00\",\"breadcrumb\":{\"@id\":\"https:\/\/lapalmastars.com\/de\/la-palma\/#breadcrumb\"},\"inLanguage\":\"de\",\"potentialAction\":[{\"@type\":\"ReadAction\",\"target\":[\"https:\/\/lapalmastars.com\/de\/la-palma\/\"]}]},{\"@type\":\"BreadcrumbList\",\"@id\":\"https:\/\/lapalmastars.com\/de\/la-palma\/#breadcrumb\",\"itemListElement\":[{\"@type\":\"ListItem\",\"position\":1,\"name\":\"Portada\",\"item\":\"https:\/\/lapalmastars.com\/de\/\"},{\"@type\":\"ListItem\",\"position\":2,\"name\":\"La Palma, Kanarische Inseln\"}]},{\"@type\":\"WebSite\",\"@id\":\"https:\/\/lapalmastars.com\/#website\",\"url\":\"https:\/\/lapalmastars.com\/\",\"name\":\"La Palma Astronomy Tours\",\"description\":\"AstroLaPalma, turismo de estrellas\",\"publisher\":{\"@id\":\"https:\/\/lapalmastars.com\/#organization\"},\"potentialAction\":[{\"@type\":\"SearchAction\",\"target\":{\"@type\":\"EntryPoint\",\"urlTemplate\":\"https:\/\/lapalmastars.com\/?s={search_term_string}\"},\"query-input\":{\"@type\":\"PropertyValueSpecification\",\"valueRequired\":true,\"valueName\":\"search_term_string\"}}],\"inLanguage\":\"de\"},{\"@type\":\"Organization\",\"@id\":\"https:\/\/lapalmastars.com\/#organization\",\"name\":\"La Palma Astronomy Tours\",\"url\":\"https:\/\/lapalmastars.com\/\",\"logo\":{\"@type\":\"ImageObject\",\"inLanguage\":\"de\",\"@id\":\"https:\/\/lapalmastars.com\/#\/schema\/logo\/image\/\",\"url\":\"https:\/\/lapalmastars.com\/wp-content\/uploads\/2017\/03\/Logo.jpg\",\"contentUrl\":\"https:\/\/lapalmastars.com\/wp-content\/uploads\/2017\/03\/Logo.jpg\",\"width\":193,\"height\":120,\"caption\":\"La Palma Astronomy Tours\"},\"image\":{\"@id\":\"https:\/\/lapalmastars.com\/#\/schema\/logo\/image\/\"},\"sameAs\":[\"https:\/\/www.facebook.com\/AstroLaPalma\/\",\"https:\/\/x.com\/astrolapalma\",\"https:\/\/www.instagram.com\/lapalmastars\",\"https:\/\/www.youtube.com\/user\/astrolapalma\"]}]}<\/script>\n<!-- \/ Yoast SEO Premium plugin. -->","yoast_head_json":{"title":"La Palma, Kanarische Inseln - AstroLaPalma","robots":{"index":"index","follow":"follow","max-snippet":"max-snippet:-1","max-image-preview":"max-image-preview:large","max-video-preview":"max-video-preview:-1"},"canonical":"https:\/\/lapalmastars.com\/de\/la-palma\/","og_locale":"de_DE","og_type":"article","og_title":"La Palma, Kanarische Inseln","og_description":"[vc_row][vc_column][vc_column_text]La Palma ist eine Insel des Atlantischen Archipels der Kanarischen Inseln (Spanien). Vulkanischen Ursprungs und mit einer Vielzahl von Landschaften, ist La Palma eine sehr wechselreiche Insel. In der Tat ist es eine der steilstenleer m\u00e1s","og_url":"https:\/\/lapalmastars.com\/de\/la-palma\/","og_site_name":"AstroLaPalma","article_publisher":"https:\/\/www.facebook.com\/AstroLaPalma\/","article_modified_time":"2024-03-20T10:04:22+00:00","twitter_card":"summary_large_image","twitter_site":"@astrolapalma","twitter_misc":{"Gesch\u00e4tzte Lesezeit":"2\u00a0Minuten"},"schema":{"@context":"https:\/\/schema.org","@graph":[{"@type":"WebPage","@id":"https:\/\/lapalmastars.com\/de\/la-palma\/","url":"https:\/\/lapalmastars.com\/de\/la-palma\/","name":"La Palma, Kanarische Inseln - AstroLaPalma","isPartOf":{"@id":"https:\/\/lapalmastars.com\/#website"},"datePublished":"2017-03-24T10:18:46+00:00","dateModified":"2024-03-20T10:04:22+00:00","breadcrumb":{"@id":"https:\/\/lapalmastars.com\/de\/la-palma\/#breadcrumb"},"inLanguage":"de","potentialAction":[{"@type":"ReadAction","target":["https:\/\/lapalmastars.com\/de\/la-palma\/"]}]},{"@type":"BreadcrumbList","@id":"https:\/\/lapalmastars.com\/de\/la-palma\/#breadcrumb","itemListElement":[{"@type":"ListItem","position":1,"name":"Portada","item":"https:\/\/lapalmastars.com\/de\/"},{"@type":"ListItem","position":2,"name":"La Palma, Kanarische Inseln"}]},{"@type":"WebSite","@id":"https:\/\/lapalmastars.com\/#website","url":"https:\/\/lapalmastars.com\/","name":"La Palma Astronomy Tours","description":"AstroLaPalma, turismo de estrellas","publisher":{"@id":"https:\/\/lapalmastars.com\/#organization"},"potentialAction":[{"@type":"SearchAction","target":{"@type":"EntryPoint","urlTemplate":"https:\/\/lapalmastars.com\/?s={search_term_string}"},"query-input":{"@type":"PropertyValueSpecification","valueRequired":true,"valueName":"search_term_string"}}],"inLanguage":"de"},{"@type":"Organization","@id":"https:\/\/lapalmastars.com\/#organization","name":"La Palma Astronomy Tours","url":"https:\/\/lapalmastars.com\/","logo":{"@type":"ImageObject","inLanguage":"de","@id":"https:\/\/lapalmastars.com\/#\/schema\/logo\/image\/","url":"https:\/\/lapalmastars.com\/wp-content\/uploads\/2017\/03\/Logo.jpg","contentUrl":"https:\/\/lapalmastars.com\/wp-content\/uploads\/2017\/03\/Logo.jpg","width":193,"height":120,"caption":"La Palma Astronomy Tours"},"image":{"@id":"https:\/\/lapalmastars.com\/#\/schema\/logo\/image\/"},"sameAs":["https:\/\/www.facebook.com\/AstroLaPalma\/","https:\/\/x.com\/astrolapalma","https:\/\/www.instagram.com\/lapalmastars","https:\/\/www.youtube.com\/user\/astrolapalma"]}]}},"_links":{"self":[{"href":"https:\/\/lapalmastars.com\/de\/wp-json\/wp\/v2\/pages\/1308","targetHints":{"allow":["GET"]}}],"collection":[{"href":"https:\/\/lapalmastars.com\/de\/wp-json\/wp\/v2\/pages"}],"about":[{"href":"https:\/\/lapalmastars.com\/de\/wp-json\/wp\/v2\/types\/page"}],"author":[{"embeddable":true,"href":"https:\/\/lapalmastars.com\/de\/wp-json\/wp\/v2\/users\/1"}],"replies":[{"embeddable":true,"href":"https:\/\/lapalmastars.com\/de\/wp-json\/wp\/v2\/comments?post=1308"}],"version-history":[{"count":4,"href":"https:\/\/lapalmastars.com\/de\/wp-json\/wp\/v2\/pages\/1308\/revisions"}],"predecessor-version":[{"id":5295,"href":"https:\/\/lapalmastars.com\/de\/wp-json\/wp\/v2\/pages\/1308\/revisions\/5295"}],"wp:attachment":[{"href":"https:\/\/lapalmastars.com\/de\/wp-json\/wp\/v2\/media?parent=1308"}],"curies":[{"name":"wp","href":"https:\/\/api.w.org\/{rel}","templated":true}]}}